
{"id":186,"date":"2022-02-28T20:16:13","date_gmt":"2022-02-28T20:16:13","guid":{"rendered":"http:\/\/www.vncnt.nl\/?page_id=186"},"modified":"2024-11-06T14:36:19","modified_gmt":"2024-11-06T13:36:19","slug":"about-us","status":"publish","type":"page","link":"https:\/\/multiboxxenergy.com\/pt\/about-us\/","title":{"rendered":"Sobre n\u00f3s"},"content":{"rendered":"<div class=\"wp-block-uagb-container uagb-block-6b4c3acf alignfull uagb-is-root-container\">\n<div class=\"wp-block-uagb-image uagb-block-cdc05e36 wp-block-uagb-image--layout-default wp-block-uagb-image--effect-static wp-block-uagb-image--align-none\"><figure class=\"wp-block-uagb-image__figure\"><img decoding=\"async\" srcset=\"https:\/\/multiboxxenergy.com\/wp-content\/uploads\/Harbour-skyline-scaled.jpg ,https:\/\/multiboxxenergy.com\/wp-content\/uploads\/Harbour-skyline-scaled.jpg 780w, https:\/\/multiboxxenergy.com\/wp-content\/uploads\/Harbour-skyline-scaled.jpg 360w\" sizes=\"auto, (max-width: 480px) 150px\" src=\"https:\/\/multiboxxenergy.com\/wp-content\/uploads\/Harbour-skyline-scaled.jpg\" alt=\"\" class=\"uag-image-3024\" width=\"2560\" height=\"720\" title=\"\" loading=\"lazy\" role=\"img\"\/><\/figure><\/div>\n<\/div>\n\n\n\n<div style=\"height:35px\" aria-hidden=\"true\" class=\"wp-block-spacer\"><\/div>\n\n\n\n<div class=\"wp-block-uagb-container uagb-block-06e93b3e alignfull uagb-is-root-container\"><div class=\"uagb-container-inner-blocks-wrap\">\n<div class=\"wp-block-uagb-container uagb-block-5845297e\">\n<div class=\"wp-block-uagb-advanced-heading uagb-block-1674f19d\"><h3 class=\"uagb-heading-text\">O nosso legado<\/h3><\/div>\n\n\n\n<div style=\"height:35px\" aria-hidden=\"true\" class=\"wp-block-spacer\"><\/div>\n<\/div>\n\n\n\n<div class=\"wp-block-uagb-container uagb-block-98d89532\">\n<p>A Multiboxx \u00e9 um interveniente din\u00e2mico na ind\u00fastria de contentores, centrando-se na qualidade, versatilidade e inova\u00e7\u00e3o. Com uma presen\u00e7a de confian\u00e7a no sector dos contentores mar\u00edtimos, exploramos consistentemente para al\u00e9m da norma para apresentar conceitos inovadores.<\/p>\n<\/div>\n<\/div><\/div>\n\n\n\n<div class=\"wp-block-uagb-container uagb-block-74392161 alignfull uagb-is-root-container\"><div class=\"uagb-container-inner-blocks-wrap\">\n<div class=\"wp-block-uagb-container uagb-block-6c1a4906\">\n<div class=\"wp-block-uagb-advanced-heading uagb-block-b085de15\"><h3 class=\"uagb-heading-text\">A nossa vis\u00e3o<\/h3><\/div>\n\n\n\n<div style=\"height:35px\" aria-hidden=\"true\" class=\"wp-block-spacer\"><\/div>\n<\/div>\n\n\n\n<div class=\"wp-block-uagb-container uagb-block-e5006c45\">\n<p>O nosso objetivo \u00e9 redefinir o papel dos contentores, transformando-os de simples solu\u00e7\u00f5es de armazenamento em centros de energia vitais para v\u00e1rias aplica\u00e7\u00f5es. Esta mudan\u00e7a visa contribuir para a sustentabilidade e o progresso.<\/p>\n<\/div>\n<\/div><\/div>\n\n\n\n<div class=\"wp-block-uagb-container uagb-block-2f0b1db4 alignfull uagb-is-root-container\"><div class=\"uagb-container-inner-blocks-wrap\">\n<div class=\"wp-block-uagb-container uagb-block-d745b2e2\">\n<div class=\"wp-block-uagb-advanced-heading uagb-block-e0118628\"><h3 class=\"uagb-heading-text\">A nossa miss\u00e3o<\/h3><\/div>\n\n\n\n<div style=\"height:35px\" aria-hidden=\"true\" class=\"wp-block-spacer\"><\/div>\n<\/div>\n\n\n\n<div class=\"wp-block-uagb-container uagb-block-5e71678b\">\n<p>Com base na nossa vasta experi\u00eancia em tecnologia de contentores, estamos empenhados em apresentar solu\u00e7\u00f5es inovadoras que respondam \u00e0s complexas necessidades energ\u00e9ticas do nosso mundo moderno. O nosso objetivo \u00e9 inaugurar uma nova era de armazenamento de energia eficiente e amigo do ambiente.<\/p>\n<\/div>\n<\/div><\/div>\n\n\n\n<div class=\"wp-block-uagb-container uagb-block-24cd01c2 alignfull uagb-is-root-container\"><div class=\"uagb-container-inner-blocks-wrap\">\n<div class=\"wp-block-uagb-container uagb-block-9cc07459\">\n<div class=\"wp-block-uagb-advanced-heading uagb-block-a7986f86\"><h3 class=\"uagb-heading-text\">Apresenta\u00e7\u00e3o do Multiboxx Energy<\/h3><\/div>\n\n\n\n<div style=\"height:35px\" aria-hidden=\"true\" class=\"wp-block-spacer\"><\/div>\n<\/div>\n\n\n\n<div class=\"wp-block-uagb-container uagb-block-0af46342\">\n<p>O nosso projeto inovador, o sistema Multiboxx Energy, reflecte a nossa dedica\u00e7\u00e3o \u00e0 inova\u00e7\u00e3o e \u00e0 sustentabilidade. Face aos desafios energ\u00e9ticos em v\u00e1rios contextos, desde \u00e1reas remotas a infra-estruturas urbanas essenciais, o sistema Multiboxx Energy oferece uma solu\u00e7\u00e3o. Concebido para ser flex\u00edvel, fi\u00e1vel e com uma pegada de carbono reduzida, o Multiboxx Energy incorpora a nossa vis\u00e3o para um futuro mais sustent\u00e1vel e mais brilhante.<\/p>\n<\/div>\n<\/div><\/div>\n\n\n\n<div class=\"wp-block-uagb-container uagb-block-d459db4d alignfull uagb-is-root-container\"><div class=\"uagb-container-inner-blocks-wrap\">\n<div class=\"wp-block-uagb-container uagb-block-1d253681\">\n<div class=\"wp-block-uagb-advanced-heading uagb-block-9ed02905\"><h3 class=\"uagb-heading-text\">Os nossos valores<\/h3><\/div>\n\n\n\n<div style=\"height:35px\" aria-hidden=\"true\" class=\"wp-block-spacer\"><\/div>\n<\/div>\n\n\n\n<div class=\"wp-block-uagb-container uagb-block-16727d55\">\n<p><strong>Inova\u00e7\u00e3o<\/strong>: Na Multiboxx, n\u00e3o somos apenas testemunhas do futuro, somos os seus arquitectos.<br><strong>Sustentabilidade<\/strong>: O bem-estar do nosso planeta est\u00e1 no centro de cada produto que concebemos.<br><strong>Integridade<\/strong>: O nosso percurso \u00e9 marcado pela confian\u00e7a, dedica\u00e7\u00e3o e um compromisso duradouro com a excel\u00eancia.<br><strong>Colabora\u00e7\u00e3o<\/strong>: No centro do nosso sucesso est\u00e1 a for\u00e7a das nossas parcerias globais e a vis\u00e3o partilhada que representam.<\/p>\n<\/div>\n<\/div><\/div>\n\n\n\n<div class=\"wp-block-uagb-container uagb-block-8c56816a alignfull uagb-is-root-container\"><div class=\"uagb-container-inner-blocks-wrap\">\n<div class=\"wp-block-uagb-container uagb-block-db73b7f2\">\n<div class=\"wp-block-uagb-advanced-heading uagb-block-b1cc56c1\"><h3 class=\"uagb-heading-text\">Junte-se a n\u00f3s na nossa viagem<\/h3><\/div>\n\n\n\n<div style=\"height:35px\" aria-hidden=\"true\" class=\"wp-block-spacer\"><\/div>\n<\/div>\n\n\n\n<div class=\"wp-block-uagb-container uagb-block-323bc8ba\">\n<p>\u00c0 medida que revelamos o potencial do Multiboxx Energy, convidamos parceiros, partes interessadas e clientes a juntarem-se a n\u00f3s nesta jornada transformadora. Juntos, podemos estabelecer novos padr\u00f5es de refer\u00eancia no armazenamento de energia e contribuir para um mundo mais resiliente e sustent\u00e1vel.<\/p>\n<\/div>\n<\/div><\/div>\n\n\n\n<div class=\"wp-block-uagb-container uagb-block-b24d6616 alignfull uagb-is-root-container\"><div class=\"uagb-container-inner-blocks-wrap\">\n<div class=\"wp-block-uagb-container uagb-block-198b3c95\">\n<div class=\"wp-block-uagb-advanced-heading uagb-block-483fa6ac\"><h3 class=\"uagb-heading-text\">os nossos parceiros<\/h3><\/div>\n\n\n\n<div style=\"height:35px\" aria-hidden=\"true\" class=\"wp-block-spacer\"><\/div>\n<\/div>\n\n\n\n<div class=\"wp-block-uagb-container uagb-block-58123d7e\">\n<div class=\"wp-block-uagb-image alignleft uagb-block-5693fca1 wp-block-uagb-image--layout-default wp-block-uagb-image--effect-static wp-block-uagb-image--align-left\"><figure class=\"wp-block-uagb-image__figure\"><a class=\"\" href=\"https:\/\/www.sunsynkmobile.com\/\" target=\"_blank\" rel=\"noreferrer noopener\"><img decoding=\"async\" srcset=\"https:\/\/multiboxxenergy.com\/wp-content\/uploads\/Multiboxx-Energy-powered-by_1.png ,https:\/\/multiboxxenergy.com\/wp-content\/uploads\/Multiboxx-Energy-powered-by_1.png 780w, https:\/\/multiboxxenergy.com\/wp-content\/uploads\/Multiboxx-Energy-powered-by_1.png 360w\" sizes=\"auto, (max-width: 480px) 150px\" src=\"https:\/\/multiboxxenergy.com\/wp-content\/uploads\/Multiboxx-Energy-powered-by_1.png\" alt=\"\" class=\"uag-image-3551\" width=\"292\" height=\"106\" title=\"Multiboxx - Energia - powered by_1\" loading=\"lazy\" role=\"img\"\/><\/a><\/figure><\/div>\n\n\n\n<div class=\"wp-block-uagb-image alignleft uagb-block-146245a2 wp-block-uagb-image--layout-default wp-block-uagb-image--effect-static wp-block-uagb-image--align-left\"><figure class=\"wp-block-uagb-image__figure\"><a class=\"\" href=\"https:\/\/www.maritimebatteryforum.com\/\" target=\"_blank\" rel=\"noreferrer noopener\"><img decoding=\"async\" srcset=\"https:\/\/multiboxxenergy.com\/wp-content\/uploads\/MBF_logo.png ,https:\/\/multiboxxenergy.com\/wp-content\/uploads\/MBF_logo.png 780w, https:\/\/multiboxxenergy.com\/wp-content\/uploads\/MBF_logo.png 360w\" sizes=\"auto, (max-width: 480px) 150px\" src=\"https:\/\/multiboxxenergy.com\/wp-content\/uploads\/MBF_logo.png\" alt=\"\" class=\"uag-image-3435\" width=\"281\" height=\"53\" title=\"Log\u00f3tipo MBF\" loading=\"lazy\" role=\"img\"\/><\/a><\/figure><\/div>\n<\/div>\n<\/div><\/div>","protected":false},"excerpt":{"rendered":"<p>Our Legacy Multiboxx is a dynamic player in the container industry, focusing on quality, versatility, and innovation. With a trusted presence in the shipping container sector, we consistently explore beyond the norm to bring forward innovative concepts. Our Vision Our goal is to redefine the role of containers, turning them from simple storage solutions into [&hellip;]<\/p>\n","protected":false},"author":1,"featured_media":0,"parent":0,"menu_order":0,"comment_status":"closed","ping_status":"closed","template":"","meta":{"_uag_custom_page_level_css":"","footnotes":""},"class_list":["post-186","page","type-page","status-publish","hentry"],"uagb_featured_image_src":{"full":false,"thumbnail":false,"medium":false,"medium_large":false,"large":false,"1536x1536":false,"2048x2048":false,"trp-custom-language-flag":false,"awb_sm":false,"awb_md":false,"awb_lg":false,"awb_xl":false},"uagb_author_info":{"display_name":"Vincent","author_link":"https:\/\/multiboxxenergy.com\/pt\/author\/vincent\/"},"uagb_comment_info":0,"uagb_excerpt":"Our Legacy Multiboxx is a dynamic player in the container industry, focusing on quality, versatility, and innovation. With a trusted presence in the shipping container sector, we consistently explore beyond the norm to bring forward innovative concepts. Our Vision Our goal is to redefine the role of containers, turning them from simple storage solutions into&hellip;","_links":{"self":[{"href":"https:\/\/multiboxxenergy.com\/pt\/wp-json\/wp\/v2\/pages\/186","targetHints":{"allow":["GET"]}}],"collection":[{"href":"https:\/\/multiboxxenergy.com\/pt\/wp-json\/wp\/v2\/pages"}],"about":[{"href":"https:\/\/multiboxxenergy.com\/pt\/wp-json\/wp\/v2\/types\/page"}],"author":[{"embeddable":true,"href":"https:\/\/multiboxxenergy.com\/pt\/wp-json\/wp\/v2\/users\/1"}],"replies":[{"embeddable":true,"href":"https:\/\/multiboxxenergy.com\/pt\/wp-json\/wp\/v2\/comments?post=186"}],"version-history":[{"count":27,"href":"https:\/\/multiboxxenergy.com\/pt\/wp-json\/wp\/v2\/pages\/186\/revisions"}],"predecessor-version":[{"id":3556,"href":"https:\/\/multiboxxenergy.com\/pt\/wp-json\/wp\/v2\/pages\/186\/revisions\/3556"}],"wp:attachment":[{"href":"https:\/\/multiboxxenergy.com\/pt\/wp-json\/wp\/v2\/media?parent=186"}],"curies":[{"name":"wp","href":"https:\/\/api.w.org\/{rel}","templated":true}]}}