
{"id":3144,"date":"2023-12-06T13:52:37","date_gmt":"2023-12-06T12:52:37","guid":{"rendered":"http:\/\/www.vncnt.nl\/?page_id=3144"},"modified":"2023-12-08T12:28:18","modified_gmt":"2023-12-08T11:28:18","slug":"privacy-policy","status":"publish","type":"page","link":"https:\/\/multiboxxenergy.com\/pt\/documentation\/privacy-policy\/","title":{"rendered":"Pol\u00edtica de privacidade"},"content":{"rendered":"<div style=\"height:35px\" aria-hidden=\"true\" class=\"wp-block-spacer\"><\/div>\n\n\n\n<div class=\"wp-block-uagb-container uagb-block-06e93b3e alignfull uagb-is-root-container\"><div class=\"uagb-container-inner-blocks-wrap\">\n<div class=\"wp-block-uagb-container uagb-block-5845297e\">\n<div class=\"wp-block-uagb-advanced-heading uagb-block-b9eb9181\"><h3 class=\"uagb-heading-text\">Pol\u00edtica de privacidade:<\/h3><\/div>\n\n\n\n<div style=\"height:35px\" aria-hidden=\"true\" class=\"wp-block-spacer\"><\/div>\n<\/div>\n\n\n\n<div class=\"wp-block-uagb-container uagb-block-98d89532\">\n<p><strong>\u00daltima atualiza\u00e7\u00e3o em 04-Dez-2023<\/strong><br><strong>Data efectiva 04-Dez-2023<\/strong><\/p>\n\n\n\n<p>Esta Pol\u00edtica de Privacidade descreve as pol\u00edticas de<br><strong>Multiboxx Energy,<\/strong> Smirnoffweg 22, 3088 HE Roterd\u00e3o, Pa\u00edses Baixos, e-mail: casper@multiboxx.com, telefone: +852 3996 8116, sobre a recolha, utiliza\u00e7\u00e3o e divulga\u00e7\u00e3o das suas informa\u00e7\u00f5es que recolhemos quando utiliza o nosso s\u00edtio Web (https:\/\/multiboxxenergy.com). (o \"Servi\u00e7o\"). Ao aceder ou utilizar o Servi\u00e7o, est\u00e1 a consentir a recolha, utiliza\u00e7\u00e3o e divulga\u00e7\u00e3o das suas informa\u00e7\u00f5es de acordo com a presente Pol\u00edtica de Privacidade. Se n\u00e3o concordar com o mesmo, por favor n\u00e3o aceda ou utilize o Servi\u00e7o.<br>Podemos modificar esta Pol\u00edtica de Privacidade em qualquer altura sem qualquer aviso pr\u00e9vio ao utilizador e publicaremos a Pol\u00edtica de Privacidade revista no Servi\u00e7o. A Pol\u00edtica revista entrar\u00e1 em vigor 180 dias ap\u00f3s a publica\u00e7\u00e3o da Pol\u00edtica revista no Servi\u00e7o e o seu acesso ou utiliza\u00e7\u00e3o continuada do Servi\u00e7o ap\u00f3s esse per\u00edodo constituir\u00e1 a sua aceita\u00e7\u00e3o da Pol\u00edtica de Privacidade revista. Por conseguinte, recomendamos que reveja periodicamente esta p\u00e1gina.<\/p>\n<\/div>\n<\/div><\/div>\n\n\n\n<div class=\"wp-block-uagb-container uagb-block-c8e17f41 alignfull uagb-is-root-container\"><div class=\"uagb-container-inner-blocks-wrap\">\n<div class=\"wp-block-uagb-container uagb-block-5b3e3260\">\n<div class=\"wp-block-uagb-advanced-heading uagb-block-fab9b16b\"><h3 class=\"uagb-heading-text\">Como partilhamos as suas informa\u00e7\u00f5es:<\/h3><\/div>\n\n\n\n<div style=\"height:35px\" aria-hidden=\"true\" class=\"wp-block-spacer\"><\/div>\n<\/div>\n\n\n\n<div class=\"wp-block-uagb-container uagb-block-f7504b34\">\n<p>N\u00e3o transferiremos as suas informa\u00e7\u00f5es pessoais para terceiros sem o seu consentimento, exceto em circunst\u00e2ncias limitadas, conforme descrito abaixo:<\/p>\n\n\n\n<div class=\"wp-block-uagb-advanced-heading uagb-block-5dd7cc91\"><h5 class=\"uagb-heading-text\">Anal\u00edtica<\/h5><\/div>\n\n\n\n<p>Exigimos que esses terceiros utilizem as informa\u00e7\u00f5es pessoais que lhes transferimos apenas para os fins para os quais foram transferidas e que n\u00e3o as conservem por mais tempo do que o necess\u00e1rio para cumprir os referidos fins.<\/p>\n\n\n\n<p>Tamb\u00e9m podemos divulgar as suas informa\u00e7\u00f5es pessoais para o seguinte: (1) para cumprir a lei aplic\u00e1vel, regulamento, ordem judicial ou outro processo legal; (2) para fazer cumprir os seus acordos connosco, incluindo esta Pol\u00edtica de Privacidade; ou (3) para responder a reclama\u00e7\u00f5es de que a sua utiliza\u00e7\u00e3o do Servi\u00e7o viola quaisquer direitos de terceiros. Se o Servi\u00e7o ou a nossa empresa for fundido ou adquirido por outra empresa, as suas informa\u00e7\u00f5es ser\u00e3o um dos activos transferidos para o novo propriet\u00e1rio.<\/p>\n<\/div>\n<\/div><\/div>\n\n\n\n<div class=\"wp-block-uagb-container uagb-block-74392161 alignfull uagb-is-root-container\"><div class=\"uagb-container-inner-blocks-wrap\">\n<div class=\"wp-block-uagb-container uagb-block-6c1a4906\">\n<div class=\"wp-block-uagb-advanced-heading uagb-block-b085de15\"><h3 class=\"uagb-heading-text\">Os seus direitos:<\/h3><\/div>\n\n\n\n<div style=\"height:35px\" aria-hidden=\"true\" class=\"wp-block-spacer\"><\/div>\n<\/div>\n\n\n\n<div class=\"wp-block-uagb-container uagb-block-e5006c45\">\n<p>Dependendo da lei aplic\u00e1vel, pode ter o direito de aceder e retificar ou apagar os seus dados pessoais ou receber uma c\u00f3pia dos seus dados pessoais, restringir ou opor-se ao processamento ativo dos seus dados, pedir-nos para partilhar (portar) as suas informa\u00e7\u00f5es pessoais com outra entidade, retirar qualquer consentimento que nos tenha dado para processar os seus dados, o direito de apresentar uma queixa junto de uma autoridade estatut\u00e1ria e outros direitos que possam ser relevantes ao abrigo da legisla\u00e7\u00e3o aplic\u00e1vel. Para exercer estes direitos, pode escrever-nos para casper@multiboxx.com. Responderemos ao seu pedido em conformidade com a legisla\u00e7\u00e3o aplic\u00e1vel.<br>Tenha em aten\u00e7\u00e3o que, se n\u00e3o nos autorizar a recolher ou processar as informa\u00e7\u00f5es pessoais necess\u00e1rias ou se retirar o consentimento para o processamento das mesmas para os fins pretendidos, poder\u00e1 n\u00e3o conseguir aceder ou utilizar os servi\u00e7os para os quais as suas informa\u00e7\u00f5es foram solicitadas.<\/p>\n<\/div>\n<\/div><\/div>\n\n\n\n<div class=\"wp-block-uagb-container uagb-block-2f0b1db4 alignfull uagb-is-root-container\"><div class=\"uagb-container-inner-blocks-wrap\">\n<div class=\"wp-block-uagb-container uagb-block-d745b2e2\">\n<div class=\"wp-block-uagb-advanced-heading uagb-block-e0118628\"><h3 class=\"uagb-heading-text\">Cookies Etc.<\/h3><\/div>\n\n\n\n<div style=\"height:35px\" aria-hidden=\"true\" class=\"wp-block-spacer\"><\/div>\n<\/div>\n\n\n\n<div class=\"wp-block-uagb-container uagb-block-5e71678b\">\n<p>Para saber mais sobre a forma como as utilizamos e as suas op\u00e7\u00f5es em rela\u00e7\u00e3o a estas tecnologias de rastreio, consulte a nossa <a href=\"https:\/\/multiboxxenergy.com\/pt\/cookie-policy\/\" data-type=\"page\" data-id=\"3146\">Pol\u00edtica de cookies.<\/a><\/p>\n<\/div>\n<\/div><\/div>\n\n\n\n<div class=\"wp-block-uagb-container uagb-block-24cd01c2 alignfull uagb-is-root-container\"><div class=\"uagb-container-inner-blocks-wrap\">\n<div class=\"wp-block-uagb-container uagb-block-9cc07459\">\n<div class=\"wp-block-uagb-advanced-heading uagb-block-a7986f86\"><h3 class=\"uagb-heading-text\">Seguran\u00e7a:<\/h3><\/div>\n\n\n\n<div style=\"height:35px\" aria-hidden=\"true\" class=\"wp-block-spacer\"><\/div>\n<\/div>\n\n\n\n<div class=\"wp-block-uagb-container uagb-block-0af46342\">\n<p>A seguran\u00e7a das suas informa\u00e7\u00f5es \u00e9 importante para n\u00f3s e utilizaremos medidas de seguran\u00e7a razo\u00e1veis para evitar a perda, utiliza\u00e7\u00e3o indevida ou altera\u00e7\u00e3o n\u00e3o autorizada das suas informa\u00e7\u00f5es sob o nosso controlo. No entanto, tendo em conta os riscos inerentes, n\u00e3o podemos garantir uma seguran\u00e7a absoluta e, consequentemente, n\u00e3o podemos assegurar ou garantir a seguran\u00e7a de quaisquer informa\u00e7\u00f5es que nos transmita e f\u00e1-lo-\u00e1 por sua conta e risco.<\/p>\n<\/div>\n<\/div><\/div>\n\n\n\n<div class=\"wp-block-uagb-container uagb-block-d459db4d alignfull uagb-is-root-container\"><div class=\"uagb-container-inner-blocks-wrap\">\n<div class=\"wp-block-uagb-container uagb-block-1d253681\">\n<div class=\"wp-block-uagb-advanced-heading uagb-block-9ed02905\"><h3 class=\"uagb-heading-text\">Respons\u00e1vel pelas queixas \/ prote\u00e7\u00e3o de dados:<\/h3><\/div>\n\n\n\n<div style=\"height:35px\" aria-hidden=\"true\" class=\"wp-block-spacer\"><\/div>\n<\/div>\n\n\n\n<div class=\"wp-block-uagb-container uagb-block-16727d55\">\n<p>Se tiver quaisquer d\u00favidas ou preocupa\u00e7\u00f5es sobre o processamento das suas informa\u00e7\u00f5es que est\u00e3o dispon\u00edveis connosco, pode enviar uma mensagem de correio eletr\u00f3nico para o nosso Respons\u00e1vel pelas Reclama\u00e7\u00f5es na Multiboxx Energy: casper@multiboxx.com. Trataremos das suas preocupa\u00e7\u00f5es em conformidade com a legisla\u00e7\u00e3o aplic\u00e1vel.<\/p>\n<\/div>\n<\/div><\/div>","protected":false},"excerpt":{"rendered":"<p>Privacy policy: Last Updated On 04-Dec-2023Effective Date 04-Dec-2023 This Privacy Policy describes the policies ofMultiboxx Energy, Smirnoffweg 22, 3088 HE Rotterdam, Netherlands, email: casper@multiboxx.com, phone: +852 3996 8116, on the collection, use and disclosure of your information that we collect when you use our website (https:\/\/multiboxxenergy.com). (the \u201cService\u201d). By accessing or using the Service, you [&hellip;]<\/p>\n","protected":false},"author":1,"featured_media":0,"parent":2957,"menu_order":0,"comment_status":"closed","ping_status":"closed","template":"","meta":{"_uag_custom_page_level_css":"","footnotes":""},"class_list":["post-3144","page","type-page","status-publish","hentry"],"uagb_featured_image_src":{"full":false,"thumbnail":false,"medium":false,"medium_large":false,"large":false,"1536x1536":false,"2048x2048":false,"trp-custom-language-flag":false,"awb_sm":false,"awb_md":false,"awb_lg":false,"awb_xl":false},"uagb_author_info":{"display_name":"Vincent","author_link":"https:\/\/multiboxxenergy.com\/pt\/author\/vincent\/"},"uagb_comment_info":0,"uagb_excerpt":"Privacy policy: Last Updated On 04-Dec-2023Effective Date 04-Dec-2023 This Privacy Policy describes the policies ofMultiboxx Energy, Smirnoffweg 22, 3088 HE Rotterdam, Netherlands, email: casper@multiboxx.com, phone: +852 3996 8116, on the collection, use and disclosure of your information that we collect when you use our website (https:\/\/multiboxxenergy.com). (the \u201cService\u201d). By accessing or using the Service, you&hellip;","_links":{"self":[{"href":"https:\/\/multiboxxenergy.com\/pt\/wp-json\/wp\/v2\/pages\/3144","targetHints":{"allow":["GET"]}}],"collection":[{"href":"https:\/\/multiboxxenergy.com\/pt\/wp-json\/wp\/v2\/pages"}],"about":[{"href":"https:\/\/multiboxxenergy.com\/pt\/wp-json\/wp\/v2\/types\/page"}],"author":[{"embeddable":true,"href":"https:\/\/multiboxxenergy.com\/pt\/wp-json\/wp\/v2\/users\/1"}],"replies":[{"embeddable":true,"href":"https:\/\/multiboxxenergy.com\/pt\/wp-json\/wp\/v2\/comments?post=3144"}],"version-history":[{"count":5,"href":"https:\/\/multiboxxenergy.com\/pt\/wp-json\/wp\/v2\/pages\/3144\/revisions"}],"predecessor-version":[{"id":3218,"href":"https:\/\/multiboxxenergy.com\/pt\/wp-json\/wp\/v2\/pages\/3144\/revisions\/3218"}],"up":[{"embeddable":true,"href":"https:\/\/multiboxxenergy.com\/pt\/wp-json\/wp\/v2\/pages\/2957"}],"wp:attachment":[{"href":"https:\/\/multiboxxenergy.com\/pt\/wp-json\/wp\/v2\/media?parent=3144"}],"curies":[{"name":"wp","href":"https:\/\/api.w.org\/{rel}","templated":true}]}}