
{"id":3155,"date":"2023-12-06T14:16:37","date_gmt":"2023-12-06T13:16:37","guid":{"rendered":"http:\/\/www.vncnt.nl\/?page_id=3155"},"modified":"2024-11-07T16:27:38","modified_gmt":"2024-11-07T15:27:38","slug":"brochures","status":"publish","type":"page","link":"https:\/\/multiboxxenergy.com\/pt\/documentation\/brochures\/","title":{"rendered":"Brochuras"},"content":{"rendered":"<div class=\"wp-block-uagb-container uagb-block-9b5bcd31 alignfull uagb-is-root-container\"><div class=\"uagb-container-inner-blocks-wrap\">\n<div class=\"wp-block-uagb-advanced-heading uagb-block-ea297615\"><h2 class=\"uagb-heading-text\">Folhas de informa\u00e7\u00e3o do sector<\/h2><\/div>\n\n\n\n<figure class=\"wp-block-gallery has-nested-images columns-default is-cropped uag-masonry uagb-block-614450e1 wp-block-gallery-1 is-layout-flex wp-block-gallery-is-layout-flex\">\n<figure class=\"wp-block-image size-large\"><a href=\"https:\/\/multiboxxenergy.com\/wp-content\/uploads\/Multiboxx-Energy-Renewable-Energy-Integration-with-BESS.pdf\" target=\"_blank\" rel=\"noreferrer noopener\"><img loading=\"lazy\" decoding=\"async\" width=\"724\" height=\"1024\" data-id=\"3587\" src=\"https:\/\/multiboxxenergy.com\/wp-content\/uploads\/Market-folders_Renewable-Energy-724x1024.jpg\" alt=\"\" class=\"wp-image-3587\" srcset=\"https:\/\/multiboxxenergy.com\/wp-content\/uploads\/Market-folders_Renewable-Energy-724x1024.jpg 724w, https:\/\/multiboxxenergy.com\/wp-content\/uploads\/Market-folders_Renewable-Energy-566x800.jpg 566w, https:\/\/multiboxxenergy.com\/wp-content\/uploads\/Market-folders_Renewable-Energy-768x1086.jpg 768w, https:\/\/multiboxxenergy.com\/wp-content\/uploads\/Market-folders_Renewable-Energy-1086x1536.jpg 1086w, https:\/\/multiboxxenergy.com\/wp-content\/uploads\/Market-folders_Renewable-Energy-1448x2048.jpg 1448w, https:\/\/multiboxxenergy.com\/wp-content\/uploads\/Market-folders_Renewable-Energy-8x12.jpg 8w, https:\/\/multiboxxenergy.com\/wp-content\/uploads\/Market-folders_Renewable-Energy-500x707.jpg 500w, https:\/\/multiboxxenergy.com\/wp-content\/uploads\/Market-folders_Renewable-Energy-800x1131.jpg 800w, https:\/\/multiboxxenergy.com\/wp-content\/uploads\/Market-folders_Renewable-Energy-1280x1810.jpg 1280w, https:\/\/multiboxxenergy.com\/wp-content\/uploads\/Market-folders_Renewable-Energy-1920x2715.jpg 1920w, https:\/\/multiboxxenergy.com\/wp-content\/uploads\/Market-folders_Renewable-Energy-scaled.jpg 1811w\" sizes=\"auto, (max-width: 724px) 100vw, 724px\" \/><\/a><figcaption class=\"wp-element-caption\">Integra\u00e7\u00e3o de energias renov\u00e1veis com BESS<\/figcaption><\/figure>\n\n\n\n<figure class=\"wp-block-image size-large\"><a href=\"https:\/\/multiboxxenergy.com\/wp-content\/uploads\/Multiboxx-Energy-BESS-used-for-Remote-Locations.pdf\" target=\"_blank\" rel=\"noreferrer noopener\"><img loading=\"lazy\" decoding=\"async\" width=\"724\" height=\"1024\" data-id=\"3586\" src=\"https:\/\/multiboxxenergy.com\/wp-content\/uploads\/Market-folders_Remote-Locations-724x1024.jpg\" alt=\"\" class=\"wp-image-3586\" srcset=\"https:\/\/multiboxxenergy.com\/wp-content\/uploads\/Market-folders_Remote-Locations-724x1024.jpg 724w, https:\/\/multiboxxenergy.com\/wp-content\/uploads\/Market-folders_Remote-Locations-566x800.jpg 566w, https:\/\/multiboxxenergy.com\/wp-content\/uploads\/Market-folders_Remote-Locations-768x1086.jpg 768w, https:\/\/multiboxxenergy.com\/wp-content\/uploads\/Market-folders_Remote-Locations-1086x1536.jpg 1086w, https:\/\/multiboxxenergy.com\/wp-content\/uploads\/Market-folders_Remote-Locations-1448x2048.jpg 1448w, https:\/\/multiboxxenergy.com\/wp-content\/uploads\/Market-folders_Remote-Locations-8x12.jpg 8w, https:\/\/multiboxxenergy.com\/wp-content\/uploads\/Market-folders_Remote-Locations-500x707.jpg 500w, https:\/\/multiboxxenergy.com\/wp-content\/uploads\/Market-folders_Remote-Locations-800x1131.jpg 800w, https:\/\/multiboxxenergy.com\/wp-content\/uploads\/Market-folders_Remote-Locations-1280x1810.jpg 1280w, https:\/\/multiboxxenergy.com\/wp-content\/uploads\/Market-folders_Remote-Locations-1920x2715.jpg 1920w, https:\/\/multiboxxenergy.com\/wp-content\/uploads\/Market-folders_Remote-Locations-scaled.jpg 1811w\" sizes=\"auto, (max-width: 724px) 100vw, 724px\" \/><\/a><figcaption class=\"wp-element-caption\">BESS utilizado para localiza\u00e7\u00f5es remotas<\/figcaption><\/figure>\n\n\n\n<figure class=\"wp-block-image size-large\"><a href=\"https:\/\/multiboxxenergy.com\/wp-content\/uploads\/Multiboxx-Energy-BESS-for-peak-shaving.pdf\" target=\"_blank\" rel=\"noreferrer noopener\"><img loading=\"lazy\" decoding=\"async\" width=\"724\" height=\"1024\" data-id=\"3585\" src=\"https:\/\/multiboxxenergy.com\/wp-content\/uploads\/Market-folders_Peak-Shaving-724x1024.jpg\" alt=\"\" class=\"wp-image-3585\" srcset=\"https:\/\/multiboxxenergy.com\/wp-content\/uploads\/Market-folders_Peak-Shaving-724x1024.jpg 724w, https:\/\/multiboxxenergy.com\/wp-content\/uploads\/Market-folders_Peak-Shaving-566x800.jpg 566w, https:\/\/multiboxxenergy.com\/wp-content\/uploads\/Market-folders_Peak-Shaving-768x1086.jpg 768w, https:\/\/multiboxxenergy.com\/wp-content\/uploads\/Market-folders_Peak-Shaving-1086x1536.jpg 1086w, https:\/\/multiboxxenergy.com\/wp-content\/uploads\/Market-folders_Peak-Shaving-1448x2048.jpg 1448w, https:\/\/multiboxxenergy.com\/wp-content\/uploads\/Market-folders_Peak-Shaving-8x12.jpg 8w, https:\/\/multiboxxenergy.com\/wp-content\/uploads\/Market-folders_Peak-Shaving-500x707.jpg 500w, https:\/\/multiboxxenergy.com\/wp-content\/uploads\/Market-folders_Peak-Shaving-800x1131.jpg 800w, https:\/\/multiboxxenergy.com\/wp-content\/uploads\/Market-folders_Peak-Shaving-1280x1810.jpg 1280w, https:\/\/multiboxxenergy.com\/wp-content\/uploads\/Market-folders_Peak-Shaving-1920x2715.jpg 1920w, https:\/\/multiboxxenergy.com\/wp-content\/uploads\/Market-folders_Peak-Shaving-scaled.jpg 1811w\" sizes=\"auto, (max-width: 724px) 100vw, 724px\" \/><\/a><figcaption class=\"wp-element-caption\">BESS utilizado para redu\u00e7\u00e3o de picos de consumo<\/figcaption><\/figure>\n\n\n\n<figure class=\"wp-block-image size-large\"><a href=\"https:\/\/multiboxxenergy.com\/wp-content\/uploads\/Multiboxx-Energy-BESS-used-for-Grid-Stabilization-and-Load-Balancing.pdf\" target=\"_blank\" rel=\"noreferrer noopener\"><img loading=\"lazy\" decoding=\"async\" width=\"724\" height=\"1024\" data-id=\"3584\" src=\"https:\/\/multiboxxenergy.com\/wp-content\/uploads\/Market-folders_Grid-stabilization-and-Load-balancing-724x1024.jpg\" alt=\"\" class=\"wp-image-3584\" srcset=\"https:\/\/multiboxxenergy.com\/wp-content\/uploads\/Market-folders_Grid-stabilization-and-Load-balancing-724x1024.jpg 724w, https:\/\/multiboxxenergy.com\/wp-content\/uploads\/Market-folders_Grid-stabilization-and-Load-balancing-566x800.jpg 566w, https:\/\/multiboxxenergy.com\/wp-content\/uploads\/Market-folders_Grid-stabilization-and-Load-balancing-768x1086.jpg 768w, https:\/\/multiboxxenergy.com\/wp-content\/uploads\/Market-folders_Grid-stabilization-and-Load-balancing-1086x1536.jpg 1086w, https:\/\/multiboxxenergy.com\/wp-content\/uploads\/Market-folders_Grid-stabilization-and-Load-balancing-1448x2048.jpg 1448w, https:\/\/multiboxxenergy.com\/wp-content\/uploads\/Market-folders_Grid-stabilization-and-Load-balancing-8x12.jpg 8w, https:\/\/multiboxxenergy.com\/wp-content\/uploads\/Market-folders_Grid-stabilization-and-Load-balancing-500x707.jpg 500w, https:\/\/multiboxxenergy.com\/wp-content\/uploads\/Market-folders_Grid-stabilization-and-Load-balancing-800x1131.jpg 800w, https:\/\/multiboxxenergy.com\/wp-content\/uploads\/Market-folders_Grid-stabilization-and-Load-balancing-1280x1810.jpg 1280w, https:\/\/multiboxxenergy.com\/wp-content\/uploads\/Market-folders_Grid-stabilization-and-Load-balancing-1920x2715.jpg 1920w, https:\/\/multiboxxenergy.com\/wp-content\/uploads\/Market-folders_Grid-stabilization-and-Load-balancing-scaled.jpg 1811w\" sizes=\"auto, (max-width: 724px) 100vw, 724px\" \/><\/a><figcaption class=\"wp-element-caption\">BESS usado para estabiliza\u00e7\u00e3o da rede e balanceamento de carga<\/figcaption><\/figure>\n\n\n\n<figure class=\"wp-block-image size-large\"><a href=\"https:\/\/multiboxxenergy.com\/wp-content\/uploads\/Multiboxx-Energy-Electric-Vehicle-Charging-Stations-and-BESS.pdf\" target=\"_blank\" rel=\"noreferrer noopener\"><img loading=\"lazy\" decoding=\"async\" width=\"724\" height=\"1024\" data-id=\"3583\" src=\"https:\/\/multiboxxenergy.com\/wp-content\/uploads\/Market-folders_EV-Charging-724x1024.jpg\" alt=\"\" class=\"wp-image-3583\" srcset=\"https:\/\/multiboxxenergy.com\/wp-content\/uploads\/Market-folders_EV-Charging-724x1024.jpg 724w, https:\/\/multiboxxenergy.com\/wp-content\/uploads\/Market-folders_EV-Charging-566x800.jpg 566w, https:\/\/multiboxxenergy.com\/wp-content\/uploads\/Market-folders_EV-Charging-768x1086.jpg 768w, https:\/\/multiboxxenergy.com\/wp-content\/uploads\/Market-folders_EV-Charging-1086x1536.jpg 1086w, https:\/\/multiboxxenergy.com\/wp-content\/uploads\/Market-folders_EV-Charging-1448x2048.jpg 1448w, https:\/\/multiboxxenergy.com\/wp-content\/uploads\/Market-folders_EV-Charging-8x12.jpg 8w, https:\/\/multiboxxenergy.com\/wp-content\/uploads\/Market-folders_EV-Charging-500x707.jpg 500w, https:\/\/multiboxxenergy.com\/wp-content\/uploads\/Market-folders_EV-Charging-800x1131.jpg 800w, https:\/\/multiboxxenergy.com\/wp-content\/uploads\/Market-folders_EV-Charging-1280x1810.jpg 1280w, https:\/\/multiboxxenergy.com\/wp-content\/uploads\/Market-folders_EV-Charging-1920x2715.jpg 1920w, https:\/\/multiboxxenergy.com\/wp-content\/uploads\/Market-folders_EV-Charging-scaled.jpg 1811w\" sizes=\"auto, (max-width: 724px) 100vw, 724px\" \/><\/a><figcaption class=\"wp-element-caption\">Esta\u00e7\u00f5es de carregamento de ve\u00edculos el\u00e9ctricos e BESS<\/figcaption><\/figure>\n<\/figure>\n<\/div><\/div>\n\n\n\n<div class=\"wp-block-uagb-container uagb-block-79b33f07 alignfull uagb-is-root-container\"><div class=\"uagb-container-inner-blocks-wrap\">\n<div class=\"wp-block-uagb-advanced-heading uagb-block-7ac052eb\"><h2 class=\"uagb-heading-text\">ESG<\/h2><\/div>\n\n\n\n<figure class=\"wp-block-gallery has-nested-images columns-default is-cropped uag-masonry uagb-block-614450e1 wp-block-gallery-2 is-layout-flex wp-block-gallery-is-layout-flex\">\n<figure class=\"wp-block-image size-large\"><a href=\"https:\/\/multiboxxenergy.com\/wp-content\/uploads\/ESG.pdf\" target=\"_blank\" rel=\"noreferrer noopener\"><img loading=\"lazy\" decoding=\"async\" width=\"724\" height=\"1024\" data-id=\"3594\" src=\"https:\/\/multiboxxenergy.com\/wp-content\/uploads\/ESG_1-724x1024.jpg\" alt=\"\" class=\"wp-image-3594\" srcset=\"https:\/\/multiboxxenergy.com\/wp-content\/uploads\/ESG_1-724x1024.jpg 724w, https:\/\/multiboxxenergy.com\/wp-content\/uploads\/ESG_1-566x800.jpg 566w, https:\/\/multiboxxenergy.com\/wp-content\/uploads\/ESG_1-768x1086.jpg 768w, https:\/\/multiboxxenergy.com\/wp-content\/uploads\/ESG_1-1086x1536.jpg 1086w, https:\/\/multiboxxenergy.com\/wp-content\/uploads\/ESG_1-1448x2048.jpg 1448w, https:\/\/multiboxxenergy.com\/wp-content\/uploads\/ESG_1-8x12.jpg 8w, https:\/\/multiboxxenergy.com\/wp-content\/uploads\/ESG_1-500x707.jpg 500w, https:\/\/multiboxxenergy.com\/wp-content\/uploads\/ESG_1-800x1131.jpg 800w, https:\/\/multiboxxenergy.com\/wp-content\/uploads\/ESG_1-1280x1810.jpg 1280w, https:\/\/multiboxxenergy.com\/wp-content\/uploads\/ESG_1-1920x2715.jpg 1920w, https:\/\/multiboxxenergy.com\/wp-content\/uploads\/ESG_1-scaled.jpg 1811w\" sizes=\"auto, (max-width: 724px) 100vw, 724px\" \/><\/a><figcaption class=\"wp-element-caption\">Integra\u00e7\u00e3o de energias renov\u00e1veis com BESS<\/figcaption><\/figure>\n<\/figure>\n<\/div><\/div>\n\n\n\n<div class=\"wp-block-uagb-container uagb-block-4ae04d01 alignfull uagb-is-root-container\"><div class=\"uagb-container-inner-blocks-wrap\">\n<div class=\"wp-block-uagb-advanced-heading uagb-block-821a1212\"><h2 class=\"uagb-heading-text\">Brochura<\/h2><\/div>\n\n\n<div class=\"_df_book df-lite\" id=\"df_2593\"  _slug=\"bess-brochure\" data-title=\"bess-brochure\" wpoptions=\"true\" thumb=\"https:\/\/multiboxxenergy.com\/wp-content\/uploads\/Multiboxx-BESS-brochure-thmb.jpg\" thumbtype=\"\" ><\/div><script class=\"df-shortcode-script\" nowprocket type=\"application\/javascript\">window.option_df_2593 = {\"webgl\":\"true\",\"outline\":[],\"autoEnableOutline\":\"false\",\"autoEnableThumbnail\":\"false\",\"overwritePDFOutline\":\"false\",\"direction\":\"1\",\"pageSize\":\"0\",\"source\":\"https:\\\/\\\/multiboxxenergy.com\\\/wp-content\\\/uploads\\\/Multiboxx-BESS-MB.2309.B-low_res.pdf\",\"wpOptions\":\"true\"}; if(window.DFLIP && window.DFLIP.parseBooks){window.DFLIP.parseBooks();}<\/script>\n<\/div><\/div>","protected":false},"excerpt":{"rendered":"<p>Industry Insight sheets ESG Brochure<\/p>","protected":false},"author":1,"featured_media":0,"parent":2957,"menu_order":0,"comment_status":"closed","ping_status":"closed","template":"","meta":{"_uag_custom_page_level_css":"","footnotes":""},"class_list":["post-3155","page","type-page","status-publish","hentry"],"uagb_featured_image_src":{"full":false,"thumbnail":false,"medium":false,"medium_large":false,"large":false,"1536x1536":false,"2048x2048":false,"trp-custom-language-flag":false,"awb_sm":false,"awb_md":false,"awb_lg":false,"awb_xl":false},"uagb_author_info":{"display_name":"Vincent","author_link":"https:\/\/multiboxxenergy.com\/pt\/author\/vincent\/"},"uagb_comment_info":0,"uagb_excerpt":"Industry Insight sheets ESG Brochure","_links":{"self":[{"href":"https:\/\/multiboxxenergy.com\/pt\/wp-json\/wp\/v2\/pages\/3155","targetHints":{"allow":["GET"]}}],"collection":[{"href":"https:\/\/multiboxxenergy.com\/pt\/wp-json\/wp\/v2\/pages"}],"about":[{"href":"https:\/\/multiboxxenergy.com\/pt\/wp-json\/wp\/v2\/types\/page"}],"author":[{"embeddable":true,"href":"https:\/\/multiboxxenergy.com\/pt\/wp-json\/wp\/v2\/users\/1"}],"replies":[{"embeddable":true,"href":"https:\/\/multiboxxenergy.com\/pt\/wp-json\/wp\/v2\/comments?post=3155"}],"version-history":[{"count":9,"href":"https:\/\/multiboxxenergy.com\/pt\/wp-json\/wp\/v2\/pages\/3155\/revisions"}],"predecessor-version":[{"id":3597,"href":"https:\/\/multiboxxenergy.com\/pt\/wp-json\/wp\/v2\/pages\/3155\/revisions\/3597"}],"up":[{"embeddable":true,"href":"https:\/\/multiboxxenergy.com\/pt\/wp-json\/wp\/v2\/pages\/2957"}],"wp:attachment":[{"href":"https:\/\/multiboxxenergy.com\/pt\/wp-json\/wp\/v2\/media?parent=3155"}],"curies":[{"name":"wp","href":"https:\/\/api.w.org\/{rel}","templated":true}]}}