
{"id":3242,"date":"2024-06-24T10:37:27","date_gmt":"2024-06-24T08:37:27","guid":{"rendered":"https:\/\/www.vncnt.nl\/?page_id=3242"},"modified":"2024-07-03T14:57:16","modified_gmt":"2024-07-03T12:57:16","slug":"power-hub","status":"publish","type":"page","link":"https:\/\/multiboxxenergy.com\/pt\/products\/power-hub\/","title":{"rendered":"Concentrador de energia"},"content":{"rendered":"<div class=\"wp-block-uagb-container uagb-block-34f87838 alignfull uagb-is-root-container\"><div class=\"uagb-container-inner-blocks-wrap\">\n<div class=\"wp-block-columns is-layout-flex wp-container-core-columns-is-layout-7ea2e9f5 wp-block-columns-is-layout-flex\">\n<div class=\"wp-block-column is-layout-flow wp-block-column-is-layout-flow\" style=\"flex-basis:25%\">\n<div class=\"wp-block-uagb-image uagb-block-1924c560 wp-block-uagb-image--layout-default wp-block-uagb-image--effect-static wp-block-uagb-image--align-none\"><figure class=\"wp-block-uagb-image__figure\"><img decoding=\"async\" srcset=\"https:\/\/multiboxxenergy.com\/wp-content\/uploads\/Solas-wind-1024x1024.jpg ,https:\/\/multiboxxenergy.com\/wp-content\/uploads\/Solas-wind.jpg 780w, https:\/\/multiboxxenergy.com\/wp-content\/uploads\/Solas-wind.jpg 360w\" sizes=\"auto, (max-width: 480px) 150px\" src=\"https:\/\/multiboxxenergy.com\/wp-content\/uploads\/Solas-wind-1024x1024.jpg\" alt=\"\" class=\"uag-image-3311\" width=\"2000\" height=\"2000\" title=\"Energia solar e e\u00f3lica\" loading=\"lazy\" role=\"img\"\/><\/figure><\/div>\n<\/div>\n\n\n\n<div class=\"wp-block-column is-layout-flow wp-block-column-is-layout-flow\" style=\"flex-basis:25%\">\n<div class=\"wp-block-uagb-image uagb-block-fc4a40ba wp-block-uagb-image--layout-default wp-block-uagb-image--effect-static wp-block-uagb-image--align-none\"><figure class=\"wp-block-uagb-image__figure\"><img decoding=\"async\" srcset=\"https:\/\/multiboxxenergy.com\/wp-content\/uploads\/Wind-charge-1024x1024.jpg ,https:\/\/multiboxxenergy.com\/wp-content\/uploads\/Wind-charge.jpg 780w, https:\/\/multiboxxenergy.com\/wp-content\/uploads\/Wind-charge.jpg 360w\" sizes=\"auto, (max-width: 480px) 150px\" src=\"https:\/\/multiboxxenergy.com\/wp-content\/uploads\/Wind-charge-1024x1024.jpg\" alt=\"\" class=\"uag-image-3312\" width=\"2000\" height=\"2000\" title=\"Carregador el\u00e9trico de liga\u00e7\u00e3o manual\" loading=\"lazy\" role=\"img\"\/><\/figure><\/div>\n<\/div>\n\n\n\n<div class=\"wp-block-column is-layout-flow wp-block-column-is-layout-flow\" style=\"flex-basis:25%\">\n<div class=\"wp-block-uagb-advanced-heading uagb-block-b0285ed8\"><h4 class=\"uagb-heading-text\">Powerhub da Multiboxx Energy: O futuro dos sistemas h\u00edbridos de armazenamento de energia All-in-One de alta tens\u00e3o<\/h4><\/div>\n<\/div>\n\n\n\n<div class=\"wp-block-column is-layout-flow wp-block-column-is-layout-flow\" style=\"flex-basis:25%\">\n<div class=\"wp-block-uagb-image uagb-block-2b3fa5ae wp-block-uagb-image--layout-default wp-block-uagb-image--effect-static wp-block-uagb-image--align-none\"><figure class=\"wp-block-uagb-image__figure\"><img decoding=\"async\" srcset=\"https:\/\/multiboxxenergy.com\/wp-content\/uploads\/Solar-array-1024x1024.jpg ,https:\/\/multiboxxenergy.com\/wp-content\/uploads\/Solar-array.jpg 780w, https:\/\/multiboxxenergy.com\/wp-content\/uploads\/Solar-array.jpg 360w\" sizes=\"auto, (max-width: 480px) 150px\" src=\"https:\/\/multiboxxenergy.com\/wp-content\/uploads\/Solar-array-1024x1024.jpg\" alt=\"\" class=\"uag-image-3313\" width=\"2000\" height=\"2000\" title=\"Pain\u00e9is solares num campo agr\u00edcola durante o p\u00f4r do sol. Vista a\u00e9rea de linhas de pain\u00e9is de energia solar ao longo do campo agr\u00edcola. Planta fotovoltaica pv do ponto de vista do drone. Conceito de energia alternativa.\" loading=\"lazy\" role=\"img\"\/><\/figure><\/div>\n<\/div>\n<\/div>\n<\/div><\/div>\n\n\n\n<div style=\"height:30px\" aria-hidden=\"true\" class=\"wp-block-spacer\"><\/div>\n\n\n\n<div class=\"wp-block-uagb-container uagb-block-e929ddb7 alignfull uagb-is-root-container\"><div class=\"uagb-container-inner-blocks-wrap\">\n<div class=\"wp-block-columns is-layout-flex wp-container-core-columns-is-layout-7ea2e9f5 wp-block-columns-is-layout-flex\">\n<div class=\"wp-block-column is-layout-flow wp-block-column-is-layout-flow\" style=\"flex-basis:50%\">\n<p>Apresentando o <strong>Powerhub<\/strong>O Powerhub \u00e9 um inovador sistema h\u00edbrido de armazenamento de energia (ESS) tudo-em-um de alta tens\u00e3o que revoluciona a gest\u00e3o de energia para aplica\u00e7\u00f5es industriais e comerciais. O Powerhub \u00e9 a solu\u00e7\u00e3o perfeita para cen\u00e1rios de carregamento e descarregamento c\u00edclico de alta taxa.<\/p>\n\n\n\n<div style=\"height:30px\" aria-hidden=\"true\" class=\"wp-block-spacer\"><\/div>\n\n\n\n<p class=\"translation-block\">Descubra o futuro do armazenamento de energia com o <strong>Powerhub<\/strong> da Multiboxx Energy. Aproveite o poder da tecnologia avan\u00e7ada e do design superior para alcan\u00e7ar uma efici\u00eancia, escalabilidade e seguran\u00e7a inigual\u00e1veis nos seus sistemas de gest\u00e3o de energia. Optimize a sua infraestrutura de energia hoje com uma solu\u00e7\u00e3o concebida para desempenho e fiabilidade, e garanta que o seu neg\u00f3cio est\u00e1 sempre alimentado e preparado para as exig\u00eancias de amanh\u00e3.<\/p>\n<\/div>\n\n\n\n<div class=\"wp-block-column is-layout-flow wp-block-column-is-layout-flow\" style=\"flex-basis:25%\">\n<div class=\"wp-block-uagb-image uagb-block-3e555eae wp-block-uagb-image--layout-default wp-block-uagb-image--effect-static wp-block-uagb-image--align-none\"><figure class=\"wp-block-uagb-image__figure\"><img decoding=\"async\" srcset=\"https:\/\/multiboxxenergy.com\/wp-content\/uploads\/Powerhub-v2-1024x1024.jpg ,https:\/\/multiboxxenergy.com\/wp-content\/uploads\/Powerhub-v2.jpg 780w, https:\/\/multiboxxenergy.com\/wp-content\/uploads\/Powerhub-v2.jpg 360w\" sizes=\"auto, (max-width: 480px) 150px\" src=\"https:\/\/multiboxxenergy.com\/wp-content\/uploads\/Powerhub-v2-1024x1024.jpg\" alt=\"\" class=\"uag-image-3322\" width=\"2000\" height=\"2000\" title=\"Powerhub-v2\" loading=\"lazy\" role=\"img\"\/><\/figure><\/div>\n<\/div>\n\n\n\n<div class=\"wp-block-column is-layout-flow wp-block-column-is-layout-flow\" style=\"flex-basis:25%\">\n<div class=\"wp-block-uagb-image uagb-block-37268670 wp-block-uagb-image--layout-default wp-block-uagb-image--effect-static wp-block-uagb-image--align-none\"><figure class=\"wp-block-uagb-image__figure\"><img decoding=\"async\" srcset=\"https:\/\/multiboxxenergy.com\/wp-content\/uploads\/Powerhub-1024x1024.jpg ,https:\/\/multiboxxenergy.com\/wp-content\/uploads\/Powerhub.jpg 780w, https:\/\/multiboxxenergy.com\/wp-content\/uploads\/Powerhub.jpg 360w\" sizes=\"auto, (max-width: 480px) 150px\" src=\"https:\/\/multiboxxenergy.com\/wp-content\/uploads\/Powerhub-1024x1024.jpg\" alt=\"\" class=\"uag-image-3323\" width=\"2000\" height=\"2000\" title=\"Powerhub\" loading=\"lazy\" role=\"img\"\/><\/figure><\/div>\n<\/div>\n<\/div>\n<\/div><\/div>\n\n\n\n<div style=\"height:30px\" aria-hidden=\"true\" class=\"wp-block-spacer\"><\/div>\n\n\n\n<div class=\"wp-block-uagb-container uagb-block-cdbcbe2c alignfull uagb-is-root-container\"><div class=\"uagb-container-inner-blocks-wrap\">\n<div class=\"wp-block-uagb-container uagb-block-306dc029\">\n<div class=\"wp-block-uagb-advanced-heading uagb-block-9849b215\"><h2 class=\"uagb-heading-text\">A bateria<\/h2><\/div>\n<\/div>\n\n\n\n<div class=\"wp-block-uagb-container uagb-block-58f069ba\">\n<div class=\"wp-block-uagb-advanced-heading uagb-block-dfb110c1\"><h4 class=\"uagb-heading-text\"><strong>Fosfato de ferro-l\u00edtio (LFP)<\/strong><\/h4><\/div>\n\n\n\n<p class=\"translation-block\">No cora\u00e7\u00e3o do Powerhub encontra-se a avan\u00e7ada <strong>bateria de fosfato de ferro de l\u00edtio (LFP)<\/strong>, reconhecida pela sua seguran\u00e7a, longevidade e desempenho. O design modular do sistema suporta a expans\u00e3o at\u00e9 uns impressionantes 1200kWh, permitindo solu\u00e7\u00f5es de energia escal\u00e1veis que crescem com as suas necessidades. Cada m\u00f3dulo de bateria possui uma tens\u00e3o nominal de 51,2V e uma capacidade de energia robusta de 5,12kWh, proporcionando um armazenamento e uma produ\u00e7\u00e3o de energia sem paralelo. Juntamente com uma efici\u00eancia m\u00e1xima de 97,6% e uma efici\u00eancia MPPT de 99,9%, o Powerhub garante uma utiliza\u00e7\u00e3o \u00f3ptima da energia e poupan\u00e7as de custos.<\/p>\n<\/div>\n<\/div><\/div>\n\n\n\n<div style=\"height:30px\" aria-hidden=\"true\" class=\"wp-block-spacer\"><\/div>\n\n\n\n<div class=\"wp-block-uagb-container uagb-block-3486da8e alignfull uagb-is-root-container\"><div class=\"uagb-container-inner-blocks-wrap\">\n<div class=\"wp-block-uagb-container uagb-block-1502270f\">\n<div class=\"wp-block-uagb-advanced-heading uagb-block-fdc91896\"><h2 class=\"uagb-heading-text\">Seguran\u00e7a<\/h2><\/div>\n<\/div>\n\n\n\n<div class=\"wp-block-uagb-container uagb-block-efbfa70c\">\n<p>Constru\u00eddo com a seguran\u00e7a e a durabilidade em mente, o Powerhub possui caixas com classifica\u00e7\u00e3o IP55, dispositivos de extin\u00e7\u00e3o de inc\u00eandios por aerossol e sistemas de monitoriza\u00e7\u00e3o abrangentes, incluindo sensores de g\u00e1s combust\u00edvel, detectores de fumo e detectores de calor. Estes componentes garantem os mais elevados n\u00edveis de seguran\u00e7a e fiabilidade operacional. As op\u00e7\u00f5es de configura\u00e7\u00e3o flex\u00edveis do sistema, incluindo a capacidade de ligar at\u00e9 seis unidades em paralelo para uma capacidade combinada de 300kW\/360kWh, tornam-no ideal para uma vasta gama de aplica\u00e7\u00f5es, desde instala\u00e7\u00f5es de pequena escala a grandes projectos industriais.<\/p>\n<\/div>\n<\/div><\/div>\n\n\n\n<div style=\"height:30px\" aria-hidden=\"true\" class=\"wp-block-spacer\"><\/div>\n\n\n\n<div class=\"wp-block-uagb-container uagb-block-d076c68b alignfull uagb-is-root-container\"><div class=\"uagb-container-inner-blocks-wrap\">\n<p>Descarregar a ficha de especifica\u00e7\u00f5es completa<\/p>\n\n\n\n<div class=\"wp-block-file\"><a id=\"wp-block-file--media-177dca4e-f707-400c-b52b-3cde11ef2d1d\" href=\"https:\/\/multiboxxenergy.com\/wp-content\/uploads\/Multiboxx-Energy_Datasheet_Powerhub-V1-V2.pdf\" target=\"_blank\" rel=\"noreferrer noopener\">Multiboxx-Energy_Datasheet_Powerhub-V1-V2<\/a><a href=\"https:\/\/multiboxxenergy.com\/wp-content\/uploads\/Multiboxx-Energy_Datasheet_Powerhub-V1-V2.pdf\" class=\"wp-block-file__button wp-element-button\" download aria-describedby=\"wp-block-file--media-177dca4e-f707-400c-b52b-3cde11ef2d1d\">Descarregar<\/a><\/div>\n<\/div><\/div>","protected":false},"excerpt":{"rendered":"<p>Powerhub by Multiboxx Energy: The Future of High Voltage All-in-One Hybrid Energy Storage Systems Introducing the Powerhub, an innovative high voltage all-in-one hybrid energy storage system (ESS) that revolutionizes power management for industrial and commercial applications. The Powerhub is the perfect solution for high-rate cyclic charging and discharging scenarios. Discover the future of energy storage [&hellip;]<\/p>\n","protected":false},"author":1,"featured_media":0,"parent":3246,"menu_order":0,"comment_status":"closed","ping_status":"closed","template":"","meta":{"_uag_custom_page_level_css":"","footnotes":""},"class_list":["post-3242","page","type-page","status-publish","hentry"],"uagb_featured_image_src":{"full":false,"thumbnail":false,"medium":false,"medium_large":false,"large":false,"1536x1536":false,"2048x2048":false,"trp-custom-language-flag":false,"awb_sm":false,"awb_md":false,"awb_lg":false,"awb_xl":false},"uagb_author_info":{"display_name":"Vincent","author_link":"https:\/\/multiboxxenergy.com\/pt\/author\/vincent\/"},"uagb_comment_info":0,"uagb_excerpt":"Powerhub by Multiboxx Energy: The Future of High Voltage All-in-One Hybrid Energy Storage Systems Introducing the Powerhub, an innovative high voltage all-in-one hybrid energy storage system (ESS) that revolutionizes power management for industrial and commercial applications. The Powerhub is the perfect solution for high-rate cyclic charging and discharging scenarios. Discover the future of energy storage&hellip;","_links":{"self":[{"href":"https:\/\/multiboxxenergy.com\/pt\/wp-json\/wp\/v2\/pages\/3242","targetHints":{"allow":["GET"]}}],"collection":[{"href":"https:\/\/multiboxxenergy.com\/pt\/wp-json\/wp\/v2\/pages"}],"about":[{"href":"https:\/\/multiboxxenergy.com\/pt\/wp-json\/wp\/v2\/types\/page"}],"author":[{"embeddable":true,"href":"https:\/\/multiboxxenergy.com\/pt\/wp-json\/wp\/v2\/users\/1"}],"replies":[{"embeddable":true,"href":"https:\/\/multiboxxenergy.com\/pt\/wp-json\/wp\/v2\/comments?post=3242"}],"version-history":[{"count":18,"href":"https:\/\/multiboxxenergy.com\/pt\/wp-json\/wp\/v2\/pages\/3242\/revisions"}],"predecessor-version":[{"id":3336,"href":"https:\/\/multiboxxenergy.com\/pt\/wp-json\/wp\/v2\/pages\/3242\/revisions\/3336"}],"up":[{"embeddable":true,"href":"https:\/\/multiboxxenergy.com\/pt\/wp-json\/wp\/v2\/pages\/3246"}],"wp:attachment":[{"href":"https:\/\/multiboxxenergy.com\/pt\/wp-json\/wp\/v2\/media?parent=3242"}],"curies":[{"name":"wp","href":"https:\/\/api.w.org\/{rel}","templated":true}]}}