
{"id":3244,"date":"2024-06-24T10:37:53","date_gmt":"2024-06-24T08:37:53","guid":{"rendered":"https:\/\/www.vncnt.nl\/?page_id=3244"},"modified":"2024-07-03T15:18:26","modified_gmt":"2024-07-03T13:18:26","slug":"power-hub-hd","status":"publish","type":"page","link":"https:\/\/multiboxxenergy.com\/pt\/products\/power-hub-hd\/","title":{"rendered":"Concentrador de energia HD"},"content":{"rendered":"<div class=\"wp-block-uagb-container uagb-layout-flex uagb-block-736957fc alignfull uagb-is-root-container\"><div class=\"uagb-container-inner-blocks-wrap\">\n<div class=\"wp-block-uagb-image alignleft uagb-block-32760b13 wp-block-uagb-image--layout-default wp-block-uagb-image--effect-static wp-block-uagb-image--align-left\"><figure class=\"wp-block-uagb-image__figure\"><img decoding=\"async\" srcset=\"https:\/\/multiboxxenergy.com\/wp-content\/uploads\/Powerhub-HD-800x800.jpg ,https:\/\/multiboxxenergy.com\/wp-content\/uploads\/Powerhub-HD.jpg 780w, https:\/\/multiboxxenergy.com\/wp-content\/uploads\/Powerhub-HD.jpg 360w\" sizes=\"auto, (max-width: 480px) 150px\" src=\"https:\/\/multiboxxenergy.com\/wp-content\/uploads\/Powerhub-HD-800x800.jpg\" alt=\"\" class=\"uag-image-3343\" width=\"400\" height=\"400\" title=\"\" loading=\"lazy\" role=\"presentation\"\/><\/figure><\/div>\n\n\n\n<div class=\"wp-block-group has-global-padding is-layout-constrained wp-block-group-is-layout-constrained\">\n<h3 class=\"wp-block-heading\">Powerhub HD da Multiboxx Energy: O pin\u00e1culo dos ESS h\u00edbridos avan\u00e7ados<\/h3>\n\n\n\n<p>Apresentando o <strong>Powerhub HD<\/strong> por <strong>Multiboxx Energia<\/strong>O Powerhub HD \u00e9 um sistema de armazenamento de energia h\u00edbrido tudo-em-um de elite de alta tens\u00e3o (ESS), concebido para satisfazer os requisitos energ\u00e9ticos mais exigentes. Com as suas mais recentes carater\u00edsticas de seguran\u00e7a, incluindo um sistema de dete\u00e7\u00e3o de gases combust\u00edveis e inc\u00eandios, exaust\u00e3o ativa de fumos e mecanismos de seguran\u00e7a \u00e0 prova de explos\u00e3o, o Powerhub HD estabelece um novo padr\u00e3o na seguran\u00e7a do armazenamento de energia. A sua prote\u00e7\u00e3o de seguran\u00e7a el\u00e9ctrica de cinco n\u00edveis e o encravamento de alta tens\u00e3o evitam opera\u00e7\u00f5es de arco perigosas, garantindo que a sua infraestrutura de energia \u00e9 segura e fi\u00e1vel.<\/p>\n\n\n\n<div style=\"height:15px\" aria-hidden=\"true\" class=\"wp-block-spacer\"><\/div>\n\n\n\n<p>O <strong>Powerhub HD<\/strong> foi concebido para ser vers\u00e1til, tornando-o ideal para m\u00faltiplos cen\u00e1rios de aplica\u00e7\u00e3o, como a arbitragem entre picos e vales, a regula\u00e7\u00e3o da frequ\u00eancia da rede e as opera\u00e7\u00f5es de centrais el\u00e9ctricas virtuais. Quer se trate de aplica\u00e7\u00f5es fora da rede, como ilhas e esta\u00e7\u00f5es de base de comunica\u00e7\u00f5es, quer se trate de mudan\u00e7a de energia e novo consumo de energia, este ESS oferece uma flexibilidade sem paralelo. O seu design modular suporta at\u00e9 16 opera\u00e7\u00f5es paralelas de PCS AC e acomoda aplica\u00e7\u00f5es de armazenamento de energia de 2 a 8 horas, permitindo uma maior densidade de energia e uma pegada reduzida.<\/p>\n\n\n\n<div style=\"height:15px\" aria-hidden=\"true\" class=\"wp-block-spacer\"><\/div>\n\n\n\n<p>Equipado com uma plataforma de nuvem inteligente, o Powerhub HD garante uma integra\u00e7\u00e3o perfeita e um desempenho \u00f3timo. M\u00f3dulos algor\u00edtmicos de carga adaptados aos requisitos do utilizador, opera\u00e7\u00e3o e manuten\u00e7\u00e3o online 24 horas por dia, avisos de seguran\u00e7a e dura\u00e7\u00e3o da bateria e interliga\u00e7\u00e3o de dispositivos na nuvem fazem deste ESS uma escolha inteligente para a gest\u00e3o moderna da energia. O sistema de arrefecimento l\u00edquido e as t\u00e9cnicas avan\u00e7adas de supress\u00e3o de inc\u00eandios utilizando aerossol e \u00e1gua asseguram que o sistema funciona eficientemente dentro de uma vasta gama de temperaturas, de -30\u2103 a +55\u2103, mantendo o desempenho nos ambientes mais adversos.<\/p>\n\n\n\n<div style=\"height:15px\" aria-hidden=\"true\" class=\"wp-block-spacer\"><\/div>\n\n\n\n<p>O <strong>Powerhub HD<\/strong> apresenta especifica\u00e7\u00f5es t\u00e9cnicas impressionantes, com uma capacidade de energia nominal de 465,92 kWh e uma tens\u00e3o CC nominal de 832 V. A sua constru\u00e7\u00e3o robusta inclui um inv\u00f3lucro com classifica\u00e7\u00e3o IP54 e um grau de anticorros\u00e3o de \u2265C4, concebido para suportar altitudes at\u00e9 2000 metros. As interfaces de comunica\u00e7\u00e3o, como RS485, Modbus TCP e DIDO, proporcionam uma conetividade perfeita, enquanto a conformidade com as normas IEC e CE garante qualidade e fiabilidade. Com uma pot\u00eancia AC nominal de 200kW e a capacidade de aumentar para 220kW, o Powerhub HD oferece um desempenho poderoso adaptado \u00e0s suas necessidades energ\u00e9ticas.<\/p>\n\n\n\n<div style=\"height:15px\" aria-hidden=\"true\" class=\"wp-block-spacer\"><\/div>\n\n\n\n<p>Descubra o futuro do armazenamento de energia com a <strong>Powerhub HD<\/strong> da Multiboxx Energy. Experimente a combina\u00e7\u00e3o perfeita de seguran\u00e7a, versatilidade e intelig\u00eancia num sistema de armazenamento de energia que foi constru\u00eddo para exceder as expectativas e impulsionar o seu neg\u00f3cio.<\/p>\n\n\n\n<div style=\"height:15px\" aria-hidden=\"true\" class=\"wp-block-spacer\"><\/div>\n\n\n\n<p>Dados a acrescentar<\/p>\n<\/div>\n<\/div><\/div>\n\n\n\n<div style=\"height:30px\" aria-hidden=\"true\" class=\"wp-block-spacer\"><\/div>\n\n\n\n<div class=\"wp-block-uagb-container uagb-block-d076c68b alignfull uagb-is-root-container\"><div class=\"uagb-container-inner-blocks-wrap\">\n<p>Descarregar a ficha de especifica\u00e7\u00f5es completa<\/p>\n\n\n\n<div class=\"wp-block-file\"><a id=\"wp-block-file--media-d14adbeb-9d27-4adf-bb74-0cc5dce690a8\" href=\"https:\/\/multiboxxenergy.com\/wp-content\/uploads\/Datasheet_Powerhub-HD-TS.2406.B.pdf\" target=\"_blank\" rel=\"noreferrer noopener\">Ficha de dados_Powerhub-HD-TS.2406.B<\/a><a href=\"https:\/\/multiboxxenergy.com\/wp-content\/uploads\/Datasheet_Powerhub-HD-TS.2406.B.pdf\" class=\"wp-block-file__button wp-element-button\" download aria-describedby=\"wp-block-file--media-d14adbeb-9d27-4adf-bb74-0cc5dce690a8\">Descarregar<\/a><\/div>\n<\/div><\/div>","protected":false},"excerpt":{"rendered":"<p>Powerhub HD by Multiboxx Energy: The Pinnacle of Advanced Hybrid ESS Introducing the Powerhub HD by Multiboxx Energy, an elite high-voltage all-in-one hybrid energy storage system (ESS) designed to meet the most demanding energy requirements. With its ultimate safety features, including a combustible gas and fire detection system, active smoke exhaust, and explosion-proof safety mechanisms, [&hellip;]<\/p>\n","protected":false},"author":1,"featured_media":0,"parent":3246,"menu_order":0,"comment_status":"closed","ping_status":"closed","template":"","meta":{"_uag_custom_page_level_css":"","footnotes":""},"class_list":["post-3244","page","type-page","status-publish","hentry"],"uagb_featured_image_src":{"full":false,"thumbnail":false,"medium":false,"medium_large":false,"large":false,"1536x1536":false,"2048x2048":false,"trp-custom-language-flag":false,"awb_sm":false,"awb_md":false,"awb_lg":false,"awb_xl":false},"uagb_author_info":{"display_name":"Vincent","author_link":"https:\/\/multiboxxenergy.com\/pt\/author\/vincent\/"},"uagb_comment_info":0,"uagb_excerpt":"Powerhub HD by Multiboxx Energy: The Pinnacle of Advanced Hybrid ESS Introducing the Powerhub HD by Multiboxx Energy, an elite high-voltage all-in-one hybrid energy storage system (ESS) designed to meet the most demanding energy requirements. With its ultimate safety features, including a combustible gas and fire detection system, active smoke exhaust, and explosion-proof safety mechanisms,&hellip;","_links":{"self":[{"href":"https:\/\/multiboxxenergy.com\/pt\/wp-json\/wp\/v2\/pages\/3244","targetHints":{"allow":["GET"]}}],"collection":[{"href":"https:\/\/multiboxxenergy.com\/pt\/wp-json\/wp\/v2\/pages"}],"about":[{"href":"https:\/\/multiboxxenergy.com\/pt\/wp-json\/wp\/v2\/types\/page"}],"author":[{"embeddable":true,"href":"https:\/\/multiboxxenergy.com\/pt\/wp-json\/wp\/v2\/users\/1"}],"replies":[{"embeddable":true,"href":"https:\/\/multiboxxenergy.com\/pt\/wp-json\/wp\/v2\/comments?post=3244"}],"version-history":[{"count":11,"href":"https:\/\/multiboxxenergy.com\/pt\/wp-json\/wp\/v2\/pages\/3244\/revisions"}],"predecessor-version":[{"id":3351,"href":"https:\/\/multiboxxenergy.com\/pt\/wp-json\/wp\/v2\/pages\/3244\/revisions\/3351"}],"up":[{"embeddable":true,"href":"https:\/\/multiboxxenergy.com\/pt\/wp-json\/wp\/v2\/pages\/3246"}],"wp:attachment":[{"href":"https:\/\/multiboxxenergy.com\/pt\/wp-json\/wp\/v2\/media?parent=3244"}],"curies":[{"name":"wp","href":"https:\/\/api.w.org\/{rel}","templated":true}]}}