
{"id":3355,"date":"2024-07-16T13:47:57","date_gmt":"2024-07-16T11:47:57","guid":{"rendered":"https:\/\/www.vncnt.nl\/multiboxx\/registration\/"},"modified":"2024-07-16T22:16:59","modified_gmt":"2024-07-16T20:16:59","slug":"registration","status":"publish","type":"page","link":"https:\/\/multiboxxenergy.com\/pt\/registration\/","title":{"rendered":"Registo"},"content":{"rendered":"<div class=\"wp-block-uagb-container uagb-block-cb7075de alignfull uagb-is-root-container\"><div class=\"uagb-container-inner-blocks-wrap\">\n<div class=\"wp-block-uagb-advanced-heading uagb-block-25ac8325\"><h4 class=\"uagb-heading-text\">Junte-se \u00e0 nossa rede de distribuidores<\/h4><\/div>\n\n\n\n<p>A Multiboxx Energy est\u00e1 a expandir as suas solu\u00e7\u00f5es energ\u00e9ticas inovadoras na Europa e no Reino Unido. Convidamos distribuidores din\u00e2micos a juntarem-se \u00e0 nossa rede e a beneficiarem dos nossos Sistemas de Armazenamento de Energia em Bateria (BESS) de vanguarda. Fa\u00e7a uma parceria connosco para levar solu\u00e7\u00f5es energ\u00e9ticas sustent\u00e1veis e eficientes ao seu mercado.<\/p>\n\n\n\n<p><strong>Porqu\u00ea uma parceria com a Multiboxx Energy?<\/strong><\/p>\n\n\n\n<ul class=\"wp-block-list\">\n<li>Produtos inovadores e de alta qualidade<\/li>\n\n\n\n<li>Pre\u00e7os e assist\u00eancia competitivos<\/li>\n\n\n\n<li>Oportunidades de crescimento no sector das energias renov\u00e1veis<\/li>\n<\/ul>\n\n\n\n<p class=\"translation-block\"><strong>Candidate-se j\u00e1!<\/strong> Preencha o formul\u00e1rio de registo abaixo para iniciar a sua viagem com a Multiboxx Energy.<\/p>\n\n\n\t\t\t<script id=\"ur-google-recaptcha-v3_0\">\n\t\t\t\tconst ur_v3_recaptcha_code = {\"site_key\":\"6LdxQ3kqAAAAALcc5X2US3oslOE2u6eS37mG5MsW\",\"is_captcha_enable\":true,\"version\":\"v3\",\"is_invisible\":false,\"theme_mode\":\"\"}\t\t\t<\/script>\n\t\t\t\t<div class='user-registration ur-frontend-form  ur-frontend-form--flat' id='user-registration-form-3357'>\n\t\t\t\t\t\t\t\t<form method='post' class='register' data-form-id=\"3357\"\n\t\t\t\tdata-enable-strength-password=\"1\" data-minimum-password-strength=\"3\"\n\t\t\t\t\t\t\t\t\t\t\t\t\t\t\t data-captcha-enabled=\"1\" action=\"\">\n\n\t\t\t\t<div class=\"ur-form-row\" data-row-id=\"0\">\t\t\t\t\t\t\t<div class=\"ur-form-grid ur-grid-1\"\n\t\t\t\t\t\t\t\tstyle=\"width:30%\">\n\t\t\t\t\t\t\t\t\t\t\t\t\t\t\t\t<div  data-field-id=\"company_name\" class=\"ur-field-item field-text\" data-ref-id=\"company_name\" data-field-pattern-enabled=\"0\" data-field-pattern-value=\" \" data-field-pattern-message=\" \">\n\t\t\t\t\t\t\t\t\t\t<div class=\"form-row validate-required\" id=\"company_name_field\" data-priority=\"\" ><label for=\"company_name\" class=\"ur-label\">Nome da empresa <abbr class=\"required\" title=\"necess\u00e1rio\">*<\/abbr><\/label> <span class=\"input-wrapper\"> <input  data-rules=\"\" data-id=\"company_name\" type=\"text\" class=\"input-text   input-text ur-frontend-field\" name=\"company_name\" id=\"company_name\" placeholder=\"\"  value=\"\" required=\"required\" data-label=\"Company Name\" \/> <\/span> <\/div>\t\t\t\t\t\t\t\t\t<\/div>\n\t\t\t\t\t\t\t\t\t\t\t\t\t\t\t\t\t\t<div  data-field-id=\"user_url\" class=\"ur-field-item field-user_url\" data-ref-id=\"user_url\" data-field-pattern-enabled=\"0\" data-field-pattern-value=\" \" data-field-pattern-message=\" \">\n\t\t\t\t\t\t\t\t\t\t<div class=\"form-row validate-required\" id=\"user_url_field\" data-priority=\"\" ><label for=\"user_url\" class=\"ur-label\">S\u00edtio Web da empresa <abbr class=\"required\" title=\"necess\u00e1rio\">*<\/abbr><\/label> <span class=\"input-wrapper\"> <input  data-rules=\"\" data-id=\"user_url\" type=\"url\" class=\"input-text   input-url ur-frontend-field\" name=\"user_url\" id=\"user_url\" placeholder=\"https:\/\/www.example.com\"  value=\"\" required=\"required\" data-label=\"Company Website\" \/> <\/span> <\/div>\t\t\t\t\t\t\t\t\t<\/div>\n\t\t\t\t\t\t\t\t\t\t\t\t\t\t\t\t\t\t<div  data-field-id=\"input_box_1724237676\" class=\"ur-field-item field-text\" data-ref-id=\"input_box_1724237676\" data-field-pattern-enabled=\"0\" data-field-pattern-value=\" \" data-field-pattern-message=\" \">\n\t\t\t\t\t\t\t\t\t\t<div class=\"form-row validate-required\" id=\"input_box_1724237676_field\" data-priority=\"\" ><label for=\"input_box_1724237676\" class=\"ur-label\">N\u00famero de telefone <abbr class=\"required\" title=\"necess\u00e1rio\">*<\/abbr><\/label> <span class=\"input-wrapper\"> <input  data-rules=\"\" data-id=\"input_box_1724237676\" type=\"text\" class=\"input-text   input-text ur-frontend-field\" name=\"input_box_1724237676\" id=\"input_box_1724237676\" placeholder=\"\"  value=\"\" required=\"required\" data-label=\"Phone number\" \/> <\/span> <\/div>\t\t\t\t\t\t\t\t\t<\/div>\n\t\t\t\t\t\t\t\t\t\t\t\t\t\t\t\t\t\t<div  data-field-id=\"company_address\" class=\"ur-field-item field-text\" data-ref-id=\"company_address\" data-field-pattern-enabled=\"0\" data-field-pattern-value=\" \" data-field-pattern-message=\" \">\n\t\t\t\t\t\t\t\t\t\t<div class=\"form-row validate-required\" id=\"company_address_field\" data-priority=\"\" ><label for=\"company_address\" class=\"ur-label\">Endere\u00e7o da empresa linha 1 <abbr class=\"required\" title=\"necess\u00e1rio\">*<\/abbr><\/label> <span class=\"input-wrapper\"> <input  data-rules=\"\" data-id=\"company_address\" type=\"text\" class=\"input-text   input-text ur-frontend-field\" name=\"company_address\" id=\"company_address\" placeholder=\"\"  value=\"\" required=\"required\" data-label=\"Company Address line 1\" \/> <\/span> <\/div>\t\t\t\t\t\t\t\t\t<\/div>\n\t\t\t\t\t\t\t\t\t\t\t\t\t\t\t\t\t\t<div  data-field-id=\"company_address_line_2\" class=\"ur-field-item field-text\" data-ref-id=\"company_address_line_2\" data-field-pattern-enabled=\"0\" data-field-pattern-value=\" \" data-field-pattern-message=\" \">\n\t\t\t\t\t\t\t\t\t\t<div class=\"form-row\" id=\"company_address_line_2_field\" data-priority=\"\" ><label for=\"company_address_line_2\" class=\"ur-label\">Linha 2 do endere\u00e7o da empresa<\/label> <span class=\"input-wrapper\"> <input  data-rules=\"\" data-id=\"company_address_line_2\" type=\"text\" class=\"input-text   input-text ur-frontend-field\" name=\"company_address_line_2\" id=\"company_address_line_2\" placeholder=\"\"  value=\"\" data-label=\"Company address line 2\" \/> <\/span> <\/div>\t\t\t\t\t\t\t\t\t<\/div>\n\t\t\t\t\t\t\t\t\t\t\t\t\t\t\t\t\t\t<div  data-field-id=\"city\" class=\"ur-field-item field-text\" data-ref-id=\"city\" data-field-pattern-enabled=\"0\" data-field-pattern-value=\" \" data-field-pattern-message=\" \">\n\t\t\t\t\t\t\t\t\t\t<div class=\"form-row validate-required\" id=\"city_field\" data-priority=\"\" ><label for=\"city\" class=\"ur-label\">Cidade <abbr class=\"required\" title=\"necess\u00e1rio\">*<\/abbr><\/label> <span class=\"input-wrapper\"> <input  data-rules=\"\" data-id=\"city\" type=\"text\" class=\"input-text   input-text ur-frontend-field\" name=\"city\" id=\"city\" placeholder=\"\"  value=\"\" required=\"required\" data-label=\"City\" \/> <\/span> <\/div>\t\t\t\t\t\t\t\t\t<\/div>\n\t\t\t\t\t\t\t\t\t\t\t\t\t\t\t\t\t\t<div  data-field-id=\"state_province\" class=\"ur-field-item field-text\" data-ref-id=\"state_province\" data-field-pattern-enabled=\"0\" data-field-pattern-value=\" \" data-field-pattern-message=\" \">\n\t\t\t\t\t\t\t\t\t\t<div class=\"form-row validate-required\" id=\"state_province_field\" data-priority=\"\" ><label for=\"state_province\" class=\"ur-label\">Estado\/Prov\u00edncia <abbr class=\"required\" title=\"necess\u00e1rio\">*<\/abbr><\/label> <span class=\"input-wrapper\"> <input  data-rules=\"\" data-id=\"state_province\" type=\"text\" class=\"input-text   input-text ur-frontend-field\" name=\"state_province\" id=\"state_province\" placeholder=\"\"  value=\"\" required=\"required\" data-label=\"State\/Province\" \/> <\/span> <\/div>\t\t\t\t\t\t\t\t\t<\/div>\n\t\t\t\t\t\t\t\t\t\t\t\t\t\t\t\t\t\t<div  data-field-id=\"zip_postal_code\" class=\"ur-field-item field-text\" data-ref-id=\"zip_postal_code\" data-field-pattern-enabled=\"0\" data-field-pattern-value=\" \" data-field-pattern-message=\" \">\n\t\t\t\t\t\t\t\t\t\t<div class=\"form-row validate-required\" id=\"zip_postal_code_field\" data-priority=\"\" ><label for=\"zip_postal_code\" class=\"ur-label\">C\u00f3digo postal <abbr class=\"required\" title=\"necess\u00e1rio\">*<\/abbr><\/label> <span class=\"input-wrapper\"> <input  data-rules=\"\" data-id=\"zip_postal_code\" type=\"text\" class=\"input-text   input-text ur-frontend-field\" name=\"zip_postal_code\" id=\"zip_postal_code\" placeholder=\"\"  value=\"\" required=\"required\" data-label=\"ZIP\/Postal Code\" \/> <\/span> <\/div>\t\t\t\t\t\t\t\t\t<\/div>\n\t\t\t\t\t\t\t\t\t\t\t\t\t\t\t\t\t\t<div  data-field-id=\"country\" class=\"ur-field-item field-text\" data-ref-id=\"country\" data-field-pattern-enabled=\"0\" data-field-pattern-value=\" \" data-field-pattern-message=\" \">\n\t\t\t\t\t\t\t\t\t\t<div class=\"form-row validate-required\" id=\"country_field\" data-priority=\"\" ><label for=\"country\" class=\"ur-label\">Pa\u00eds <abbr class=\"required\" title=\"necess\u00e1rio\">*<\/abbr><\/label> <span class=\"input-wrapper\"> <input  data-rules=\"\" data-id=\"country\" type=\"text\" class=\"input-text   input-text ur-frontend-field\" name=\"country\" id=\"country\" placeholder=\"\"  value=\"\" required=\"required\" data-label=\"Country\" \/> <\/span> <\/div>\t\t\t\t\t\t\t\t\t<\/div>\n\t\t\t\t\t\t\t\t\t\t\t\t\t\t\t\t<\/div>\n\t\t\t\t\t\t\t\t\t\t\t\t\t\t<div class=\"ur-form-grid ur-grid-2\"\n\t\t\t\t\t\t\t\tstyle=\"width:30%\">\n\t\t\t\t\t\t\t\t\t\t\t\t\t\t\t\t<div  data-field-id=\"first_name\" class=\"ur-field-item field-first_name\" data-ref-id=\"first_name\" data-field-pattern-enabled=\"0\" data-field-pattern-value=\" \" data-field-pattern-message=\" \">\n\t\t\t\t\t\t\t\t\t\t<div class=\"form-row validate-required\" id=\"first_name_field\" data-priority=\"\" ><label for=\"first_name\" class=\"ur-label\">Nome pr\u00f3prio <abbr class=\"required\" title=\"necess\u00e1rio\">*<\/abbr><\/label> <span class=\"input-wrapper\"> <input  data-rules=\"\" data-id=\"first_name\" type=\"text\" class=\"input-text   input-text ur-frontend-field\" name=\"first_name\" id=\"first_name\" placeholder=\"\"  value=\"\" required=\"required\" data-label=\"First Name\" \/> <\/span> <\/div>\t\t\t\t\t\t\t\t\t<\/div>\n\t\t\t\t\t\t\t\t\t\t\t\t\t\t\t\t\t\t<div  data-field-id=\"last_name\" class=\"ur-field-item field-last_name\" data-ref-id=\"last_name\" data-field-pattern-enabled=\"0\" data-field-pattern-value=\" \" data-field-pattern-message=\" \">\n\t\t\t\t\t\t\t\t\t\t<div class=\"form-row validate-required\" id=\"last_name_field\" data-priority=\"\" ><label for=\"last_name\" class=\"ur-label\">Apelido <abbr class=\"required\" title=\"necess\u00e1rio\">*<\/abbr><\/label> <span class=\"input-wrapper\"> <input  data-rules=\"\" data-id=\"last_name\" type=\"text\" class=\"input-text   input-text ur-frontend-field\" name=\"last_name\" id=\"last_name\" placeholder=\"\"  value=\"\" required=\"required\" data-label=\"Last Name\" \/> <\/span> <\/div>\t\t\t\t\t\t\t\t\t<\/div>\n\t\t\t\t\t\t\t\t\t\t\t\t\t\t\t\t\t\t<div  data-field-id=\"user_email\" class=\"ur-field-item field-user_email\" data-ref-id=\"user_email\" data-field-pattern-enabled=\"0\" data-field-pattern-value=\" \" data-field-pattern-message=\" \">\n\t\t\t\t\t\t\t\t\t\t<div class=\"form-row validate-required\" id=\"user_email_field\" data-priority=\"\" ><label for=\"user_email\" class=\"ur-label\">E-mail do utilizador <abbr class=\"required\" title=\"necess\u00e1rio\">*<\/abbr><\/label> <span class=\"input-wrapper\"> <input  data-rules=\"\" data-id=\"user_email\" type=\"email\" class=\"input-text   input-email ur-frontend-field\" name=\"user_email\" id=\"user_email\" placeholder=\"\"  value=\"\" required=\"required\" data-label=\"User Email\" \/> <\/span> <\/div>\t\t\t\t\t\t\t\t\t<\/div>\n\t\t\t\t\t\t\t\t\t\t\t\t\t\t\t\t\t\t<div  data-field-id=\"user_confirm_email\" class=\"ur-field-item field-user_confirm_email\" data-ref-id=\"user_confirm_email\" data-field-pattern-enabled=\"0\" data-field-pattern-value=\" \" data-field-pattern-message=\" \">\n\t\t\t\t\t\t\t\t\t\t<div class=\"form-row validate-required\" id=\"user_confirm_email_field\" data-priority=\"\" ><label for=\"user_confirm_email\" class=\"ur-label\">Confirmar e-mail <abbr class=\"required\" title=\"necess\u00e1rio\">*<\/abbr><\/label> <span class=\"input-wrapper\"> <input  data-rules=\"\" data-id=\"user_confirm_email\" type=\"email\" class=\"input-text   input-email ur-frontend-field\" name=\"user_confirm_email\" id=\"user_confirm_email\" placeholder=\"\"  value=\"\" required=\"required\" data-label=\"Confirm Email\" \/> <\/span> <\/div>\t\t\t\t\t\t\t\t\t<\/div>\n\t\t\t\t\t\t\t\t\t\t\t\t\t\t\t\t<\/div>\n\t\t\t\t\t\t\t\t\t\t\t\t\t\t<div class=\"ur-form-grid ur-grid-3\"\n\t\t\t\t\t\t\t\tstyle=\"width:30%\">\n\t\t\t\t\t\t\t\t\t\t\t\t\t\t\t\t<div  data-field-id=\"user_login\" class=\"ur-field-item field-user_login\" data-ref-id=\"user_login\" data-field-pattern-enabled=\"0\" data-field-pattern-value=\" \" data-field-pattern-message=\" \">\n\t\t\t\t\t\t\t\t\t\t<div class=\"form-row validate-required\" id=\"user_login_field\" data-priority=\"\" ><label for=\"user_login\" class=\"ur-label\">Nome de utilizador <abbr class=\"required\" title=\"necess\u00e1rio\">*<\/abbr><\/label> <span class=\"input-wrapper\"> <input  data-rules=\"\" data-id=\"user_login\" type=\"text\" class=\"input-text   input-text ur-frontend-field\" name=\"user_login\" id=\"user_login\" placeholder=\"\"  value=\"\" required=\"required\" data-label=\"Username\" data-username-character=\"1\"\/> <\/span> <\/div>\t\t\t\t\t\t\t\t\t<\/div>\n\t\t\t\t\t\t\t\t\t\t\t\t\t\t\t\t\t\t<div  data-field-id=\"user_pass\" class=\"ur-field-item field-user_pass\" data-ref-id=\"user_pass\" data-field-pattern-enabled=\"0\" data-field-pattern-value=\" \" data-field-pattern-message=\" \">\n\t\t\t\t\t\t\t\t\t\t<div class=\"form-row validate-required hide_show_password\" id=\"user_pass_field\" data-priority=\"\"><label for=\"user_pass\" class=\"ur-label\">Palavra-passe do utilizador <abbr class=\"required\" title=\"necess\u00e1rio\">*<\/abbr><\/label> <span class=\"input-wrapper\"> <span class=\"password-input-group input-form-field-icons\"><input data-rules=\"\" data-id=\"user_pass\" type=\"password\" class=\"input-text  input-password ur-frontend-field\" name=\"user_pass\" id=\"user_pass\" placeholder=\"\"  value=\"\" required=\"required\" data-label=\"User Password\" \/><\/span> <\/span> <\/div>\t\t\t\t\t\t\t\t\t<\/div>\n\t\t\t\t\t\t\t\t\t\t\t\t\t\t\t\t\t\t<div  data-field-id=\"user_confirm_password\" class=\"ur-field-item field-user_confirm_password\" data-ref-id=\"user_confirm_password\" data-field-pattern-enabled=\"0\" data-field-pattern-value=\" \" data-field-pattern-message=\" \">\n\t\t\t\t\t\t\t\t\t\t<div class=\"form-row validate-required hide_show_password\" id=\"user_confirm_password_field\" data-priority=\"\"><label for=\"user_confirm_password\" class=\"ur-label\">Confirmar a palavra-passe <abbr class=\"required\" title=\"necess\u00e1rio\">*<\/abbr><\/label> <span class=\"input-wrapper\"> <span class=\"password-input-group input-form-field-icons\"><input data-rules=\"\" data-id=\"user_confirm_password\" type=\"password\" class=\"input-text  input-password ur-frontend-field\" name=\"user_confirm_password\" id=\"user_confirm_password\" placeholder=\"\"  value=\"\" required=\"required\" data-label=\"Confirm Password\" \/><\/span> <\/span> <\/div>\t\t\t\t\t\t\t\t\t<\/div>\n\t\t\t\t\t\t\t\t\t\t\t\t\t\t\t\t<\/div>\n\t\t\t\t\t\t\t\t\t\t\t\t\t<\/div>\n\t\t\t\t\t\t<div class=\"ur-form-row\" data-row-id=\"1\">\t\t\t\t\t\t\t<div class=\"ur-form-grid ur-grid-1\"\n\t\t\t\t\t\t\t\tstyle=\"width:99%\">\n\t\t\t\t\t\t\t\t\t\t\t\t\t\t\t\t<div  data-field-id=\"textarea_1723555452\" class=\"ur-field-item field-textarea\" data-ref-id=\"textarea_1723555452\" data-field-pattern-enabled=\"0\" data-field-pattern-value=\" \" data-field-pattern-message=\" \">\n\t\t\t\t\t\t\t\t\t\t<div class=\"form-row validate-required\" id=\"textarea_1723555452_field\" data-priority=\"\" ><label for=\"textarea_1723555452\" class=\"ur-label\">Descri\u00e7\u00e3o da empresa <abbr class=\"required\" title=\"necess\u00e1rio\">*<\/abbr><\/label><textarea style=\"margin-bottom:0px;\" data-rules=\"\" data-id=\"textarea_1723555452\" name=\"textarea_1723555452\" class=\"input-text ur-frontend-field\" id=\"textarea_1723555452\" placeholder=\"que servi\u00e7os e produtos oferece\"  rows=\"2\" cols=\"5\"required=\"required\" data-label=\"Business description\"><\/textarea><div style=\"text-align: right; font-size:14px; color:#737373; margin-top:0px;\"> <div class=\"ur-input-count\" data-count-type=\"characters\" style=\"display: inline-block; margin-right: 1px;\">0<\/div>&nbsp;<div style=\"display: inline-block;\"> caracteres<\/div><\/div><span class=\"description\">que servi\u00e7os e produtos oferece<\/span><\/div>\t\t\t\t\t\t\t\t\t<\/div>\n\t\t\t\t\t\t\t\t\t\t\t\t\t\t\t\t\t\t<div  data-field-id=\"textarea_1723555565\" class=\"ur-field-item field-textarea\" data-ref-id=\"textarea_1723555565\" data-field-pattern-enabled=\"0\" data-field-pattern-value=\" \" data-field-pattern-message=\" \">\n\t\t\t\t\t\t\t\t\t\t<div class=\"form-row validate-required\" id=\"textarea_1723555565_field\" data-priority=\"\" ><label for=\"textarea_1723555565\" class=\"ur-label\">Territ\u00f3rios actuais abrangidos <abbr class=\"required\" title=\"necess\u00e1rio\">*<\/abbr><\/label><textarea style=\"margin-bottom:0px;\" data-rules=\"\" data-id=\"textarea_1723555565\" name=\"textarea_1723555565\" class=\"input-text ur-frontend-field\" id=\"textarea_1723555565\" placeholder=\"\"  rows=\"2\" cols=\"5\"required=\"required\" data-label=\"Current Territories Covered\"><\/textarea><div style=\"text-align: right; font-size:14px; color:#737373; margin-top:0px;\"> <div class=\"ur-input-count\" data-count-type=\"characters\" style=\"display: inline-block; margin-right: 1px;\">0<\/div>&nbsp;<div style=\"display: inline-block;\"> caracteres<\/div><\/div><span class=\"description\">\u00e1reas geogr\u00e1ficas servidas<\/span><\/div>\t\t\t\t\t\t\t\t\t<\/div>\n\t\t\t\t\t\t\t\t\t\t\t\t\t\t\t\t\t\t<div  data-field-id=\"textarea_1723555597\" class=\"ur-field-item field-textarea\" data-ref-id=\"textarea_1723555597\" data-field-pattern-enabled=\"0\" data-field-pattern-value=\" \" data-field-pattern-message=\" \">\n\t\t\t\t\t\t\t\t\t\t<div class=\"form-row validate-required\" id=\"textarea_1723555597_field\" data-priority=\"\" ><label for=\"textarea_1723555597\" class=\"ur-label\">Territ\u00f3rio(s) de distribui\u00e7\u00e3o de interesse <abbr class=\"required\" title=\"necess\u00e1rio\">*<\/abbr><\/label><textarea style=\"margin-bottom:0px;\" data-rules=\"\" data-id=\"textarea_1723555597\" name=\"textarea_1723555597\" class=\"input-text ur-frontend-field\" id=\"textarea_1723555597\" placeholder=\"\"  rows=\"2\" cols=\"5\"required=\"required\" data-label=\"Distribution territory(s) of interest\"><\/textarea><div style=\"text-align: right; font-size:14px; color:#737373; margin-top:0px;\"> <div class=\"ur-input-count\" data-count-type=\"characters\" style=\"display: inline-block; margin-right: 1px;\">0<\/div>&nbsp;<div style=\"display: inline-block;\"> caracteres<\/div><\/div><span class=\"description\">\u00e1reas geogr\u00e1ficas<\/span><\/div>\t\t\t\t\t\t\t\t\t<\/div>\n\t\t\t\t\t\t\t\t\t\t\t\t\t\t\t\t\t\t<div  data-field-id=\"textarea_1723555649\" class=\"ur-field-item field-textarea\" data-ref-id=\"textarea_1723555649\" data-field-pattern-enabled=\"0\" data-field-pattern-value=\" \" data-field-pattern-message=\" \">\n\t\t\t\t\t\t\t\t\t\t<div class=\"form-row validate-required\" id=\"textarea_1723555649_field\" data-priority=\"\" ><label for=\"textarea_1723555649\" class=\"ur-label\">Marcas\/Produtos actuais distribu\u00eddos <abbr class=\"required\" title=\"necess\u00e1rio\">*<\/abbr><\/label><textarea style=\"margin-bottom:0px;\" data-rules=\"\" data-id=\"textarea_1723555649\" name=\"textarea_1723555649\" class=\"input-text ur-frontend-field\" id=\"textarea_1723555649\" placeholder=\"\"  rows=\"2\" cols=\"5\"required=\"required\" data-label=\"Current Brands\/Products Distributed\"><\/textarea><div style=\"text-align: right; font-size:14px; color:#737373; margin-top:0px;\"> <div class=\"ur-input-count\" data-count-type=\"characters\" style=\"display: inline-block; margin-right: 1px;\">0<\/div>&nbsp;<div style=\"display: inline-block;\"> caracteres<\/div><\/div><span class=\"description\">Marcas\/Produtos actuais distribu\u00eddos<\/span><\/div>\t\t\t\t\t\t\t\t\t<\/div>\n\t\t\t\t\t\t\t\t\t\t\t\t\t\t\t\t<\/div>\n\t\t\t\t\t\t\t\t\t\t\t\t\t<\/div>\n\t\t\t\t\t\t<div class=\"ur-form-row\" data-row-id=\"3\">\t\t\t\t\t\t\t<div class=\"ur-form-grid ur-grid-1\"\n\t\t\t\t\t\t\t\tstyle=\"width:48%\">\n\t\t\t\t\t\t\t\t\t\t\t\t\t\t\t\t<div  data-field-id=\"privacy_policy\" class=\"ur-field-item field-privacy_policy\" data-ref-id=\"privacy_policy\" data-field-pattern-enabled=\"0\" data-field-pattern-value=\" \" data-field-pattern-message=\" \">\n\t\t\t\t\t\t\t\t\t\t<div class=\"form-row validate-required\" id=\"privacy_policy_field\" data-priority=\"\" ><label class=\"ur-label checkbox\" required=\"required\" data-label=\"I agree to the Privacy Policy\">\n\t\t\t\t\t\t\t<input data-rules=\"\" data-id=\"privacy_policy\" required=\"required\" data-label=\"I agree to the Privacy Policy\" data-value=\"\" type=\"checkbox\" class=\"input-checkbox ur-frontend-field\" name=\"privacy_policy\" id=\"privacy_policy\" value=\"1\"  \/> Concordo com a Pol\u00edtica de Privacidade <abbr class=\"required\" title=\"necess\u00e1rio\">*<\/abbr><\/label><\/div>\t\t\t\t\t\t\t\t\t<\/div>\n\t\t\t\t\t\t\t\t\t\t\t\t\t\t\t\t<\/div>\n\t\t\t\t\t\t\t\t\t\t\t\t\t\t<div class=\"ur-form-grid ur-grid-2\"\n\t\t\t\t\t\t\t\tstyle=\"width:48%\">\n\t\t\t\t\t\t\t\t\t\t\t\t\t\t<\/div>\n\t\t\t\t\t\t\t\t\t\t\t\t\t<\/div>\n\t\t\t\t\t\t\t\t\t\t\t\t<div id=\"ur-recaptcha-node\"> <div id=\"node_recaptcha_register\" class=\"g-recaptcha-v3\" style=\"display:none\"><textarea id=\"g-recaptcha-response\" name=\"g-recaptcha-response\" ><\/textarea><\/div><\/div>\t\t\t\t\t\t<div class=\"ur-button-container\" >\n\t\t\t\t\t\t\t\t\t\t\t\t\t\t<button type=\"submit\" class=\"btn button ur-submit-button\"  conditional_rules=\"&quot;&quot;\">\n\t\t\t\t\t\t\t\t<span><\/span>\n\t\t\t\t\t\t\t\tEnviar\t\t\t\t\t\t\t<\/button>\n\t\t\t\t\t\t\t\t\t\t\t\t\t\t\t\t\t\t\t\t<\/div>\n\t\t\t\t\t\t\n\t\t\t\t<div style=\"clear:both\"><\/div>\n\t\t\t\t\t\t\t\t<input type=\"hidden\" name=\"ur-registration-language\" value=\"pt-PT\"\/>\n\t\t\t\t<input type=\"hidden\" name=\"ur-user-form-id\" value=\"3357\"\/>\n\t\t\t\t<input type=\"hidden\" name=\"ur-redirect-url\" value=\"\"\/>\n\t\t\t\t<input type=\"hidden\" id=\"ur_frontend_form_nonce\" name=\"ur_frontend_form_nonce\" value=\"71d6bf1937\" \/>\n\t\t\t\t\n\t\t\t<input type=\"hidden\" name=\"trp-form-language\" value=\"pt\"\/><\/form>\n\t\t\t\n\t\t<div style=\"clear:both\"><\/div>\n\t<\/div>\n\n\n<\/div><\/div>","protected":false},"excerpt":{"rendered":"<p>Join Our Distributor Network Multiboxx Energy is expanding its innovative energy solutions across Europe and the UK. We invite dynamic distributors to join our network and benefit from our cutting-edge Battery Energy Storage Systems (BESS). Partner with us to bring sustainable and efficient energy solutions to your market. Why Partner with Multiboxx Energy? Apply Now! [&hellip;]<\/p>\n","protected":false},"author":1,"featured_media":0,"parent":0,"menu_order":0,"comment_status":"closed","ping_status":"closed","template":"","meta":{"_uag_custom_page_level_css":"","footnotes":""},"class_list":["post-3355","page","type-page","status-publish","hentry"],"uagb_featured_image_src":{"full":false,"thumbnail":false,"medium":false,"medium_large":false,"large":false,"1536x1536":false,"2048x2048":false,"trp-custom-language-flag":false,"awb_sm":false,"awb_md":false,"awb_lg":false,"awb_xl":false},"uagb_author_info":{"display_name":"Vincent","author_link":"https:\/\/multiboxxenergy.com\/pt\/author\/vincent\/"},"uagb_comment_info":0,"uagb_excerpt":"Join Our Distributor Network Multiboxx Energy is expanding its innovative energy solutions across Europe and the UK. We invite dynamic distributors to join our network and benefit from our cutting-edge Battery Energy Storage Systems (BESS). Partner with us to bring sustainable and efficient energy solutions to your market. Why Partner with Multiboxx Energy? Apply Now!&hellip;","_links":{"self":[{"href":"https:\/\/multiboxxenergy.com\/pt\/wp-json\/wp\/v2\/pages\/3355","targetHints":{"allow":["GET"]}}],"collection":[{"href":"https:\/\/multiboxxenergy.com\/pt\/wp-json\/wp\/v2\/pages"}],"about":[{"href":"https:\/\/multiboxxenergy.com\/pt\/wp-json\/wp\/v2\/types\/page"}],"author":[{"embeddable":true,"href":"https:\/\/multiboxxenergy.com\/pt\/wp-json\/wp\/v2\/users\/1"}],"replies":[{"embeddable":true,"href":"https:\/\/multiboxxenergy.com\/pt\/wp-json\/wp\/v2\/comments?post=3355"}],"version-history":[{"count":3,"href":"https:\/\/multiboxxenergy.com\/pt\/wp-json\/wp\/v2\/pages\/3355\/revisions"}],"predecessor-version":[{"id":3408,"href":"https:\/\/multiboxxenergy.com\/pt\/wp-json\/wp\/v2\/pages\/3355\/revisions\/3408"}],"wp:attachment":[{"href":"https:\/\/multiboxxenergy.com\/pt\/wp-json\/wp\/v2\/media?parent=3355"}],"curies":[{"name":"wp","href":"https:\/\/api.w.org\/{rel}","templated":true}]}}