
{"id":3356,"date":"2024-07-16T13:47:57","date_gmt":"2024-07-16T11:47:57","guid":{"rendered":"https:\/\/www.vncnt.nl\/multiboxx\/my-account\/"},"modified":"2024-07-17T11:23:17","modified_gmt":"2024-07-17T09:23:17","slug":"my-account","status":"publish","type":"page","link":"https:\/\/multiboxxenergy.com\/pt\/my-account\/","title":{"rendered":"A minha conta"},"content":{"rendered":"<div class=\"members-access-error\">Lamentamos, mas n\u00e3o tem permiss\u00e3o para ver este conte\u00fado.<\/div>","protected":false},"excerpt":{"rendered":"<div class=\"members-access-error\">Lamentamos, mas n\u00e3o tem permiss\u00e3o para ver este conte\u00fado.<\/div>","protected":false},"author":1,"featured_media":0,"parent":0,"menu_order":0,"comment_status":"closed","ping_status":"closed","template":"wp-custom-template-login-pages","meta":{"_uag_custom_page_level_css":"","footnotes":""},"class_list":["post-3356","page","type-page","status-publish","hentry"],"uagb_featured_image_src":{"full":false,"thumbnail":false,"medium":false,"medium_large":false,"large":false,"1536x1536":false,"2048x2048":false,"trp-custom-language-flag":false,"awb_sm":false,"awb_md":false,"awb_lg":false,"awb_xl":false},"uagb_author_info":{"display_name":"Vincent","author_link":"https:\/\/multiboxxenergy.com\/pt\/author\/vincent\/"},"uagb_comment_info":0,"uagb_excerpt":"Sorry, but you do not have permission to view this content.","_links":{"self":[{"href":"https:\/\/multiboxxenergy.com\/pt\/wp-json\/wp\/v2\/pages\/3356","targetHints":{"allow":["GET"]}}],"collection":[{"href":"https:\/\/multiboxxenergy.com\/pt\/wp-json\/wp\/v2\/pages"}],"about":[{"href":"https:\/\/multiboxxenergy.com\/pt\/wp-json\/wp\/v2\/types\/page"}],"author":[{"embeddable":true,"href":"https:\/\/multiboxxenergy.com\/pt\/wp-json\/wp\/v2\/users\/1"}],"replies":[{"embeddable":true,"href":"https:\/\/multiboxxenergy.com\/pt\/wp-json\/wp\/v2\/comments?post=3356"}],"version-history":[{"count":6,"href":"https:\/\/multiboxxenergy.com\/pt\/wp-json\/wp\/v2\/pages\/3356\/revisions"}],"predecessor-version":[{"id":3384,"href":"https:\/\/multiboxxenergy.com\/pt\/wp-json\/wp\/v2\/pages\/3356\/revisions\/3384"}],"wp:attachment":[{"href":"https:\/\/multiboxxenergy.com\/pt\/wp-json\/wp\/v2\/media?parent=3356"}],"curies":[{"name":"wp","href":"https:\/\/api.w.org\/{rel}","templated":true}]}}