
{"id":3373,"date":"2024-07-16T17:38:38","date_gmt":"2024-07-16T15:38:38","guid":{"rendered":"https:\/\/www.vncnt.nl\/multiboxx\/?page_id=3373"},"modified":"2024-07-17T11:22:42","modified_gmt":"2024-07-17T09:22:42","slug":"software","status":"publish","type":"page","link":"https:\/\/multiboxxenergy.com\/pt\/software\/","title":{"rendered":"Software"},"content":{"rendered":"<div class=\"members-access-error\">Lamentamos, mas n\u00e3o tem permiss\u00e3o para ver este conte\u00fado.<\/div>","protected":false},"excerpt":{"rendered":"<div class=\"members-access-error\">Lamentamos, mas n\u00e3o tem permiss\u00e3o para ver este conte\u00fado.<\/div>","protected":false},"author":1,"featured_media":0,"parent":0,"menu_order":0,"comment_status":"closed","ping_status":"closed","template":"wp-custom-template-login-pages","meta":{"_uag_custom_page_level_css":"","footnotes":""},"class_list":["post-3373","page","type-page","status-publish","hentry"],"uagb_featured_image_src":{"full":false,"thumbnail":false,"medium":false,"medium_large":false,"large":false,"1536x1536":false,"2048x2048":false,"trp-custom-language-flag":false,"awb_sm":false,"awb_md":false,"awb_lg":false,"awb_xl":false},"uagb_author_info":{"display_name":"Vincent","author_link":"https:\/\/multiboxxenergy.com\/pt\/author\/vincent\/"},"uagb_comment_info":0,"uagb_excerpt":"Sorry, but you do not have permission to view this content.","_links":{"self":[{"href":"https:\/\/multiboxxenergy.com\/pt\/wp-json\/wp\/v2\/pages\/3373","targetHints":{"allow":["GET"]}}],"collection":[{"href":"https:\/\/multiboxxenergy.com\/pt\/wp-json\/wp\/v2\/pages"}],"about":[{"href":"https:\/\/multiboxxenergy.com\/pt\/wp-json\/wp\/v2\/types\/page"}],"author":[{"embeddable":true,"href":"https:\/\/multiboxxenergy.com\/pt\/wp-json\/wp\/v2\/users\/1"}],"replies":[{"embeddable":true,"href":"https:\/\/multiboxxenergy.com\/pt\/wp-json\/wp\/v2\/comments?post=3373"}],"version-history":[{"count":1,"href":"https:\/\/multiboxxenergy.com\/pt\/wp-json\/wp\/v2\/pages\/3373\/revisions"}],"predecessor-version":[{"id":3374,"href":"https:\/\/multiboxxenergy.com\/pt\/wp-json\/wp\/v2\/pages\/3373\/revisions\/3374"}],"wp:attachment":[{"href":"https:\/\/multiboxxenergy.com\/pt\/wp-json\/wp\/v2\/media?parent=3373"}],"curies":[{"name":"wp","href":"https:\/\/api.w.org\/{rel}","templated":true}]}}